{"id":79806,"date":"2021-04-21T17:39:52","date_gmt":"2021-04-21T15:39:52","guid":{"rendered":"https:\/\/www.jedox.com\/industry\/"},"modified":"2026-03-25T08:54:52","modified_gmt":"2026-03-25T07:54:52","slug":"secteur","status":"publish","type":"page","link":"https:\/\/www.jedox.com\/fr\/secteur\/","title":{"rendered":"Secteurs"},"content":{"rendered":"<p><div class=\"fusion-fullwidth fullwidth-box fusion-builder-row-1 fusion-flex-container has-pattern-background has-mask-background nonhundred-percent-fullwidth non-hundred-percent-height-scrolling jdx-clean-header\" style=\"--awb-border-radius-top-left:0px;--awb-border-radius-top-right:0px;--awb-border-radius-bottom-right:0px;--awb-border-radius-bottom-left:0px;--awb-padding-top:5%;--awb-padding-bottom:2.5%;--awb-padding-top-medium:7.5%;--awb-padding-bottom-medium:7.5%;--awb-flex-wrap:wrap;\" ><div class=\"fusion-builder-row fusion-row fusion-flex-align-items-stretch fusion-flex-content-wrap\" style=\"max-width:1512px;margin-left: calc(-5% \/ 2 );margin-right: calc(-5% \/ 2 );\"><div class=\"fusion-layout-column fusion_builder_column fusion-builder-column-0 fusion_builder_column_1_1 1_1 fusion-flex-column\" style=\"--awb-bg-size:cover;--awb-width-large:100%;--awb-margin-top-large:0px;--awb-spacing-right-large:2.375%;--awb-margin-bottom-large:0px;--awb-spacing-left-large:2.375%;--awb-width-medium:100%;--awb-order-medium:0;--awb-spacing-right-medium:2.375%;--awb-spacing-left-medium:2.375%;--awb-width-small:100%;--awb-order-small:0;--awb-spacing-right-small:2.375%;--awb-spacing-left-small:2.375%;\" data-scroll-devices=\"small-visibility,medium-visibility,large-visibility\"><div class=\"fusion-column-wrapper fusion-column-has-shadow fusion-flex-justify-content-flex-start fusion-content-layout-column\"><div class=\"fusion-title title fusion-title-1 fusion-sep-none fusion-title-text fusion-title-size-one\" style=\"--awb-margin-top:0px;--awb-margin-right:0px;--awb-margin-left:0px;--awb-margin-top-small:0px;--awb-margin-right-small:0px;--awb-margin-bottom-small:0.5em;--awb-margin-left-small:0px;--awb-font-size:var(--awb-custom_typography_2-font-size);\"><h1 class=\"fusion-title-heading title-heading-left fusion-responsive-typography-calculated\" style=\"font-family:var(--awb-custom_typography_2-font-family);font-weight:var(--awb-custom_typography_2-font-weight);font-style:var(--awb-custom_typography_2-font-style);margin:0;letter-spacing:var(--awb-custom_typography_2-letter-spacing);text-transform:var(--awb-custom_typography_2-text-transform);font-size:1em;--fontSize:18;--minFontSize:18;line-height:var(--awb-custom_typography_2-line-height);\">Solutions de planification sectorielles<\/h1><\/div><div class=\"fusion-title title fusion-title-2 fusion-sep-none fusion-title-text fusion-title-size-two hero-headline\" style=\"--awb-margin-top:0px;--awb-margin-right:0px;--awb-margin-left:0px;--awb-margin-top-small:0px;--awb-margin-right-small:0px;--awb-margin-bottom-small:0.5em;--awb-margin-left-small:0px;--awb-font-size:var(--awb-typography1-font-size);\"><h2 class=\"fusion-title-heading title-heading-left fusion-responsive-typography-calculated\" style=\"font-family:var(--awb-typography1-font-family);font-weight:var(--awb-typography1-font-weight);font-style:var(--awb-typography1-font-style);margin:0;letter-spacing:var(--awb-typography1-letter-spacing);text-transform:var(--awb-typography1-text-transform);font-size:1em;--fontSize:80;line-height:var(--awb-typography1-line-height);\">Unifiez la planification, les pr\u00e9visions et la g\u00e9n\u00e9ration de rapports \u00e0 l&#8217;\u00e9chelle de toute l&#8217;entreprise<\/h2><\/div><div class=\"fusion-title title fusion-title-3 fusion-sep-none fusion-title-text fusion-title-size-two\" style=\"--awb-margin-top:0px;--awb-margin-right:0px;--awb-margin-left:0px;--awb-margin-top-small:0px;--awb-margin-right-small:0px;--awb-margin-bottom-small:0.5em;--awb-margin-left-small:0px;--awb-font-size:var(--awb-custom_typography_3-font-size);\"><h2 class=\"fusion-title-heading title-heading-left fusion-responsive-typography-calculated\" style=\"font-family:var(--awb-custom_typography_3-font-family);font-weight:var(--awb-custom_typography_3-font-weight);font-style:var(--awb-custom_typography_3-font-style);margin:0;letter-spacing:var(--awb-custom_typography_3-letter-spacing);text-transform:var(--awb-custom_typography_3-text-transform);font-size:1em;--fontSize:30;line-height:var(--awb-custom_typography_3-line-height);\">Une expertise locale gr\u00e2ce \u00e0 notre r\u00e9seau de partenaires<\/h2><\/div><\/div><\/div><\/div><\/div><div class=\"fusion-fullwidth fullwidth-box fusion-builder-row-2 fusion-flex-container has-pattern-background has-mask-background nonhundred-percent-fullwidth non-hundred-percent-height-scrolling jdx-related jdx-sub-teaser jdx-sub-teaser-text \" style=\"--awb-border-radius-top-left:0px;--awb-border-radius-top-right:0px;--awb-border-radius-bottom-right:0px;--awb-border-radius-bottom-left:0px;--awb-padding-top:2.5%;--awb-flex-wrap:wrap;\" ><div class=\"fusion-builder-row fusion-row fusion-flex-align-items-flex-start fusion-flex-content-wrap\" style=\"max-width:1476px;margin-left: calc(-2.5% \/ 2 );margin-right: calc(-2.5% \/ 2 );\"><div class=\"fusion-layout-column fusion_builder_column fusion-builder-column-1 fusion_builder_column_1_2 1_2 fusion-flex-column fusion-flex-align-self-stretch fusion-column-inner-bg-wrapper fusion-column-liftup-border\" style=\"--awb-padding-top:5%;--awb-padding-right:5%;--awb-padding-bottom:5%;--awb-padding-left:5%;--awb-padding-top-small:7.5%;--awb-padding-right-small:7.5%;--awb-padding-bottom-small:7.5%;--awb-padding-left-small:7.5%;--awb-overflow:hidden;--awb-inner-bg-size:cover;--awb-border-color:rgba(32,53,95,0.25);--awb-inner-border-color:rgba(32,53,95,0.25);--awb-border-top:1px;--awb-inner-border-top:1px;--awb-border-right:1px;--awb-inner-border-right:1px;--awb-border-bottom:1px;--awb-inner-border-bottom:1px;--awb-border-left:1px;--awb-inner-border-left:1px;--awb-border-style:solid;--awb-inner-border-style:solid;--awb-border-radius:15px 15px 15px 15px;--awb-liftup-border-radius:15px 15px 15px 15px;--awb-width-large:50%;--awb-margin-top-large:0px;--awb-spacing-right-large:2.4375%;--awb-margin-bottom-large:2.5%;--awb-spacing-left-large:2.4375%;--awb-width-medium:100%;--awb-order-medium:0;--awb-spacing-right-medium:1.21875%;--awb-spacing-left-medium:1.21875%;--awb-width-small:100%;--awb-order-small:0;--awb-spacing-right-small:1.21875%;--awb-spacing-left-small:1.21875%;\" data-scroll-devices=\"small-visibility,medium-visibility,large-visibility\"><span class=\"fusion-column-inner-bg hover-type-liftup\"><a class=\"fusion-column-anchor\" href=\"https:\/\/www.jedox.com\/fr\/secteur\/sciences-vie\/\"><span class=\"fusion-column-inner-bg-image\"><\/span><\/a><\/span><div class=\"fusion-column-wrapper fusion-flex-justify-content-flex-start fusion-content-layout-column\"><div class=\"fusion-image-element \" style=\"--awb-margin-bottom:2.5%;--awb-max-width:100px;--awb-caption-title-font-family:var(--h2_typography-font-family);--awb-caption-title-font-weight:var(--h2_typography-font-weight);--awb-caption-title-font-style:var(--h2_typography-font-style);--awb-caption-title-size:var(--h2_typography-font-size);--awb-caption-title-transform:var(--h2_typography-text-transform);--awb-caption-title-line-height:var(--h2_typography-line-height);--awb-caption-title-letter-spacing:var(--h2_typography-letter-spacing);\"><span class=\" fusion-imageframe imageframe-none imageframe-1 hover-type-none\"><img decoding=\"async\" width=\"200\" height=\"200\" title=\"life-sciences-pageicon-jdx-blue\" src=\"data:image\/svg+xml,%3Csvg%20xmlns%3D%27http%3A%2F%2Fwww.w3.org%2F2000%2Fsvg%27%20width%3D%27200%27%20height%3D%27200%27%20viewBox%3D%270%200%20200%20200%27%3E%3Crect%20width%3D%27200%27%20height%3D%27200%27%20fill-opacity%3D%220%22%2F%3E%3C%2Fsvg%3E\" data-orig-src=\"https:\/\/www.jedox.com\/wp-content\/uploads\/2021\/06\/life-sciences-pageicon-jdx-blue.png\" class=\"lazyload img-responsive wp-image-83870\" alt=\"\"><\/span><\/div><div class=\"fusion-title title fusion-title-4 fusion-sep-none fusion-title-text fusion-title-size-four\" style=\"--awb-margin-top:0px;--awb-margin-right:0px;--awb-margin-bottom:20px;--awb-margin-left:0px;--awb-margin-top-small:0px;--awb-margin-right-small:0px;--awb-margin-bottom-small:10px;--awb-margin-left-small:0px;\"><h4 class=\"fusion-title-heading title-heading-left fusion-responsive-typography-calculated\" style=\"margin:0;text-transform:none;--fontSize:30;line-height:1.15;\">Sciences de la vie<\/h4><\/div><div class=\"fusion-text fusion-text-1\"><p>Unifiez la planification financi\u00e8re, commerciale et de la demande sur une plateforme int\u00e9gr\u00e9e. \u00c9liminez les silos de donn\u00e9es et ma\u00eetrisez des processus complexes gr\u00e2ce \u00e0 des pr\u00e9visions fiables et des analyses en temps r\u00e9el.<\/p>\n<\/div><i class=\"fb-icon-element-1 fb-icon-element fontawesome-icon fa-long-arrow-alt-right fas circle-no\" style=\"--awb-iconcolor:#ED1979;--awb-iconcolor-hover:#ED1979;--awb-font-size:20px;--awb-align-self:flex-end;--awb-margin-top:0px;--awb-margin-right:0px;--awb-margin-bottom:0px;--awb-margin-left:0px;\"><\/i><\/div><\/div><div class=\"fusion-layout-column fusion_builder_column fusion-builder-column-2 fusion_builder_column_1_2 1_2 fusion-flex-column fusion-flex-align-self-stretch fusion-column-inner-bg-wrapper fusion-column-liftup-border\" style=\"--awb-padding-top:5%;--awb-padding-right:5%;--awb-padding-bottom:5%;--awb-padding-left:5%;--awb-padding-top-small:7.5%;--awb-padding-right-small:7.5%;--awb-padding-bottom-small:7.5%;--awb-padding-left-small:7.5%;--awb-overflow:hidden;--awb-inner-bg-size:cover;--awb-border-color:rgba(32,53,95,0.25);--awb-inner-border-color:rgba(32,53,95,0.25);--awb-border-top:1px;--awb-inner-border-top:1px;--awb-border-right:1px;--awb-inner-border-right:1px;--awb-border-bottom:1px;--awb-inner-border-bottom:1px;--awb-border-left:1px;--awb-inner-border-left:1px;--awb-border-style:solid;--awb-inner-border-style:solid;--awb-border-radius:15px 15px 15px 15px;--awb-liftup-border-radius:15px 15px 15px 15px;--awb-width-large:50%;--awb-margin-top-large:0px;--awb-spacing-right-large:2.4375%;--awb-margin-bottom-large:2.5%;--awb-spacing-left-large:2.4375%;--awb-width-medium:100%;--awb-order-medium:0;--awb-spacing-right-medium:1.21875%;--awb-spacing-left-medium:1.21875%;--awb-width-small:100%;--awb-order-small:0;--awb-spacing-right-small:1.21875%;--awb-spacing-left-small:1.21875%;\" data-scroll-devices=\"small-visibility,medium-visibility,large-visibility\"><span class=\"fusion-column-inner-bg hover-type-liftup\"><a class=\"fusion-column-anchor\" href=\"https:\/\/www.jedox.com\/fr\/secteur\/fabrication\/\"><span class=\"fusion-column-inner-bg-image\"><\/span><\/a><\/span><div class=\"fusion-column-wrapper fusion-flex-justify-content-flex-start fusion-content-layout-column\"><div class=\"fusion-image-element \" style=\"--awb-margin-bottom:2.5%;--awb-max-width:100px;--awb-caption-title-font-family:var(--h2_typography-font-family);--awb-caption-title-font-weight:var(--h2_typography-font-weight);--awb-caption-title-font-style:var(--h2_typography-font-style);--awb-caption-title-size:var(--h2_typography-font-size);--awb-caption-title-transform:var(--h2_typography-text-transform);--awb-caption-title-line-height:var(--h2_typography-line-height);--awb-caption-title-letter-spacing:var(--h2_typography-letter-spacing);\"><span class=\" fusion-imageframe imageframe-none imageframe-2 hover-type-none\"><img decoding=\"async\" width=\"200\" height=\"200\" title=\"manufacturing-pageicon-jdx-blue\" src=\"data:image\/svg+xml,%3Csvg%20xmlns%3D%27http%3A%2F%2Fwww.w3.org%2F2000%2Fsvg%27%20width%3D%27200%27%20height%3D%27200%27%20viewBox%3D%270%200%20200%20200%27%3E%3Crect%20width%3D%27200%27%20height%3D%27200%27%20fill-opacity%3D%220%22%2F%3E%3C%2Fsvg%3E\" data-orig-src=\"https:\/\/www.jedox.com\/wp-content\/uploads\/2021\/06\/manufacturing-pageicon-jdx-blue.png\" class=\"lazyload img-responsive wp-image-83864\" alt=\"\"><\/span><\/div><div class=\"fusion-title title fusion-title-5 fusion-sep-none fusion-title-text fusion-title-size-four\" style=\"--awb-margin-top:0px;--awb-margin-right:0px;--awb-margin-bottom:20px;--awb-margin-left:0px;--awb-margin-top-small:0px;--awb-margin-right-small:0px;--awb-margin-bottom-small:10px;--awb-margin-left-small:0px;\"><h4 class=\"fusion-title-heading title-heading-left fusion-responsive-typography-calculated\" style=\"margin:0;text-transform:none;--fontSize:30;line-height:1.15;\">Fabrication<\/h4><\/div><div class=\"fusion-text fusion-text-2\"><p>Prot\u00e9gez vos marges et votre tr\u00e9sorerie gr\u00e2ce \u00e0 une planification continue bas\u00e9e sur des sc\u00e9narios. Alignez Finance, Op\u00e9rations et Supply Chain autour d\u2019un plan unique et fiable.<\/p>\n<\/div><i class=\"fb-icon-element-2 fb-icon-element fontawesome-icon fa-long-arrow-alt-right fas circle-no\" style=\"--awb-iconcolor:#ED1979;--awb-iconcolor-hover:#ED1979;--awb-font-size:20px;--awb-align-self:flex-end;--awb-margin-top:0px;--awb-margin-right:0px;--awb-margin-bottom:0px;--awb-margin-left:0px;\"><\/i><\/div><\/div><div class=\"fusion-layout-column fusion_builder_column fusion-builder-column-3 fusion_builder_column_1_2 1_2 fusion-flex-column fusion-flex-align-self-stretch fusion-column-inner-bg-wrapper fusion-column-liftup-border\" style=\"--awb-padding-top:5%;--awb-padding-right:5%;--awb-padding-bottom:5%;--awb-padding-left:5%;--awb-padding-top-small:7.5%;--awb-padding-right-small:7.5%;--awb-padding-bottom-small:7.5%;--awb-padding-left-small:7.5%;--awb-overflow:hidden;--awb-inner-bg-size:cover;--awb-border-color:rgba(32,53,95,0.25);--awb-inner-border-color:rgba(32,53,95,0.25);--awb-border-top:1px;--awb-inner-border-top:1px;--awb-border-right:1px;--awb-inner-border-right:1px;--awb-border-bottom:1px;--awb-inner-border-bottom:1px;--awb-border-left:1px;--awb-inner-border-left:1px;--awb-border-style:solid;--awb-inner-border-style:solid;--awb-border-radius:15px 15px 15px 15px;--awb-liftup-border-radius:15px 15px 15px 15px;--awb-width-large:50%;--awb-margin-top-large:0px;--awb-spacing-right-large:2.4375%;--awb-margin-bottom-large:2.5%;--awb-spacing-left-large:2.4375%;--awb-width-medium:100%;--awb-order-medium:0;--awb-spacing-right-medium:1.21875%;--awb-spacing-left-medium:1.21875%;--awb-width-small:100%;--awb-order-small:0;--awb-spacing-right-small:1.21875%;--awb-spacing-left-small:1.21875%;\" data-scroll-devices=\"small-visibility,medium-visibility,large-visibility\"><span class=\"fusion-column-inner-bg hover-type-liftup\"><a class=\"fusion-column-anchor\" href=\"https:\/\/www.jedox.com\/fr\/secteur\/retail\/\"><span class=\"fusion-column-inner-bg-image\"><\/span><\/a><\/span><div class=\"fusion-column-wrapper fusion-flex-justify-content-flex-start fusion-content-layout-column\"><div class=\"fusion-image-element \" style=\"--awb-margin-bottom:2.5%;--awb-max-width:100px;--awb-caption-title-font-family:var(--h2_typography-font-family);--awb-caption-title-font-weight:var(--h2_typography-font-weight);--awb-caption-title-font-style:var(--h2_typography-font-style);--awb-caption-title-size:var(--h2_typography-font-size);--awb-caption-title-transform:var(--h2_typography-text-transform);--awb-caption-title-line-height:var(--h2_typography-line-height);--awb-caption-title-letter-spacing:var(--h2_typography-letter-spacing);\"><span class=\" fusion-imageframe imageframe-none imageframe-3 hover-type-none\"><img decoding=\"async\" width=\"200\" height=\"200\" title=\"retail-pageicon-jdx-blue\" src=\"data:image\/svg+xml,%3Csvg%20xmlns%3D%27http%3A%2F%2Fwww.w3.org%2F2000%2Fsvg%27%20width%3D%27200%27%20height%3D%27200%27%20viewBox%3D%270%200%20200%20200%27%3E%3Crect%20width%3D%27200%27%20height%3D%27200%27%20fill-opacity%3D%220%22%2F%3E%3C%2Fsvg%3E\" data-orig-src=\"https:\/\/www.jedox.com\/wp-content\/uploads\/2021\/06\/retail-pageicon-jdx-blue.png\" class=\"lazyload img-responsive wp-image-83867\" alt=\"\"><\/span><\/div><div class=\"fusion-title title fusion-title-6 fusion-sep-none fusion-title-text fusion-title-size-four\" style=\"--awb-margin-top:0px;--awb-margin-right:0px;--awb-margin-bottom:20px;--awb-margin-left:0px;--awb-margin-top-small:0px;--awb-margin-right-small:0px;--awb-margin-bottom-small:10px;--awb-margin-left-small:0px;\"><h4 class=\"fusion-title-heading title-heading-left fusion-responsive-typography-calculated\" style=\"margin:0;text-transform:none;--fontSize:30;line-height:1.15;\">Vente au d\u00e9tail et e-commerce<\/h4><\/div><div class=\"fusion-text fusion-text-3\"><p>Unifiez la planification des ventes et des finances sur tous vos canaux et r\u00e9f\u00e9rences produits. R\u00e9agissez rapidement aux \u00e9volutions du march\u00e9 et pilotez la performance avec des analyses et pr\u00e9visions en temps r\u00e9el.<\/p>\n<\/div><i class=\"fb-icon-element-3 fb-icon-element fontawesome-icon fa-long-arrow-alt-right fas circle-no\" style=\"--awb-iconcolor:#ED1979;--awb-iconcolor-hover:#ED1979;--awb-font-size:20px;--awb-align-self:flex-end;--awb-margin-top:0px;--awb-margin-right:0px;--awb-margin-bottom:0px;--awb-margin-left:0px;\"><\/i><\/div><\/div><div class=\"fusion-layout-column fusion_builder_column fusion-builder-column-4 fusion_builder_column_1_2 1_2 fusion-flex-column fusion-flex-align-self-stretch fusion-column-inner-bg-wrapper fusion-column-liftup-border\" style=\"--awb-padding-top:5%;--awb-padding-right:5%;--awb-padding-bottom:5%;--awb-padding-left:5%;--awb-padding-top-small:7.5%;--awb-padding-right-small:7.5%;--awb-padding-bottom-small:7.5%;--awb-padding-left-small:7.5%;--awb-overflow:hidden;--awb-inner-bg-size:cover;--awb-border-color:rgba(32,53,95,0.25);--awb-inner-border-color:rgba(32,53,95,0.25);--awb-border-top:1px;--awb-inner-border-top:1px;--awb-border-right:1px;--awb-inner-border-right:1px;--awb-border-bottom:1px;--awb-inner-border-bottom:1px;--awb-border-left:1px;--awb-inner-border-left:1px;--awb-border-style:solid;--awb-inner-border-style:solid;--awb-border-radius:15px 15px 15px 15px;--awb-liftup-border-radius:15px 15px 15px 15px;--awb-width-large:50%;--awb-margin-top-large:0px;--awb-spacing-right-large:2.4375%;--awb-margin-bottom-large:2.5%;--awb-spacing-left-large:2.4375%;--awb-width-medium:100%;--awb-order-medium:0;--awb-spacing-right-medium:1.21875%;--awb-spacing-left-medium:1.21875%;--awb-width-small:100%;--awb-order-small:0;--awb-spacing-right-small:1.21875%;--awb-spacing-left-small:1.21875%;\" data-scroll-devices=\"small-visibility,medium-visibility,large-visibility\"><span class=\"fusion-column-inner-bg hover-type-liftup\"><a class=\"fusion-column-anchor\" href=\"https:\/\/www.jedox.com\/fr\/secteur\/habitat-social\/\"><span class=\"fusion-column-inner-bg-image\"><\/span><\/a><\/span><div class=\"fusion-column-wrapper fusion-flex-justify-content-flex-start fusion-content-layout-column\"><div class=\"fusion-image-element \" style=\"--awb-margin-bottom:2.5%;--awb-max-width:100px;--awb-caption-title-font-family:var(--h2_typography-font-family);--awb-caption-title-font-weight:var(--h2_typography-font-weight);--awb-caption-title-font-style:var(--h2_typography-font-style);--awb-caption-title-size:var(--h2_typography-font-size);--awb-caption-title-transform:var(--h2_typography-text-transform);--awb-caption-title-line-height:var(--h2_typography-line-height);--awb-caption-title-letter-spacing:var(--h2_typography-letter-spacing);\"><span class=\" fusion-imageframe imageframe-none imageframe-4 hover-type-none\"><img decoding=\"async\" width=\"200\" height=\"200\" title=\"social-housing-pageicon-jdx-blue\" src=\"data:image\/svg+xml,%3Csvg%20xmlns%3D%27http%3A%2F%2Fwww.w3.org%2F2000%2Fsvg%27%20width%3D%27200%27%20height%3D%27200%27%20viewBox%3D%270%200%20200%20200%27%3E%3Crect%20width%3D%27200%27%20height%3D%27200%27%20fill-opacity%3D%220%22%2F%3E%3C%2Fsvg%3E\" data-orig-src=\"https:\/\/www.jedox.com\/wp-content\/uploads\/2021\/07\/social-housing-pageicon-jdx-blue.png\" class=\"lazyload img-responsive wp-image-85874\" alt=\"\"><\/span><\/div><div class=\"fusion-title title fusion-title-7 fusion-sep-none fusion-title-text fusion-title-size-four\" style=\"--awb-margin-top:0px;--awb-margin-right:0px;--awb-margin-bottom:20px;--awb-margin-left:0px;--awb-margin-top-small:0px;--awb-margin-right-small:0px;--awb-margin-bottom-small:10px;--awb-margin-left-small:0px;\"><h4 class=\"fusion-title-heading title-heading-left fusion-responsive-typography-calculated\" style=\"margin:0;text-transform:none;--fontSize:30;line-height:1.15;\">Habitat Social<\/h4><\/div><div class=\"fusion-text fusion-text-4\"><p>Faites face \u00e0 la volatilit\u00e9 des prix et aux contraintes r\u00e9glementaires gr\u00e2ce \u00e0 une planification financi\u00e8re et un reporting int\u00e9gr\u00e9s. Appuyez vos d\u00e9cisions sur des pr\u00e9visions bas\u00e9es sur des sc\u00e9narios pour renforcer rentabilit\u00e9 et r\u00e9silience.<\/p>\n<\/div><i class=\"fb-icon-element-4 fb-icon-element fontawesome-icon fa-long-arrow-alt-right fas circle-no\" style=\"--awb-iconcolor:#ED1979;--awb-iconcolor-hover:#ED1979;--awb-font-size:20px;--awb-align-self:flex-end;--awb-margin-top:0px;--awb-margin-right:0px;--awb-margin-bottom:0px;--awb-margin-left:0px;\"><\/i><\/div><\/div><\/div><\/div><\/p>\n","protected":false},"excerpt":{"rendered":"","protected":false},"author":3,"featured_media":0,"parent":0,"menu_order":0,"comment_status":"closed","ping_status":"closed","template":"100-width.php","meta":{"_acf_changed":false,"footnotes":""},"class_list":["post-79806","page","type-page","status-publish","hentry"],"acf":[],"_links":{"self":[{"href":"https:\/\/www.jedox.com\/fr\/wp-json\/wp\/v2\/pages\/79806","targetHints":{"allow":["GET"]}}],"collection":[{"href":"https:\/\/www.jedox.com\/fr\/wp-json\/wp\/v2\/pages"}],"about":[{"href":"https:\/\/www.jedox.com\/fr\/wp-json\/wp\/v2\/types\/page"}],"author":[{"embeddable":true,"href":"https:\/\/www.jedox.com\/fr\/wp-json\/wp\/v2\/users\/3"}],"replies":[{"embeddable":true,"href":"https:\/\/www.jedox.com\/fr\/wp-json\/wp\/v2\/comments?post=79806"}],"version-history":[{"count":5,"href":"https:\/\/www.jedox.com\/fr\/wp-json\/wp\/v2\/pages\/79806\/revisions"}],"predecessor-version":[{"id":172574,"href":"https:\/\/www.jedox.com\/fr\/wp-json\/wp\/v2\/pages\/79806\/revisions\/172574"}],"wp:attachment":[{"href":"https:\/\/www.jedox.com\/fr\/wp-json\/wp\/v2\/media?parent=79806"}],"curies":[{"name":"wp","href":"https:\/\/api.w.org\/{rel}","templated":true}]}}