{"id":81561,"date":"2021-04-27T16:07:34","date_gmt":"2021-04-27T14:07:34","guid":{"rendered":"https:\/\/www.jedox.com\/services\/training-centers\/"},"modified":"2024-04-22T09:21:37","modified_gmt":"2024-04-22T07:21:37","slug":"schulungszentren","status":"publish","type":"page","link":"https:\/\/www.jedox.com\/de\/services\/schulungszentren\/","title":{"rendered":"Schulungszentren"},"content":{"rendered":"<p><div class=\"fusion-fullwidth fullwidth-box fusion-builder-row-1 fusion-flex-container has-pattern-background has-mask-background nonhundred-percent-fullwidth non-hundred-percent-height-scrolling jdx-clean-header\" style=\"--awb-border-radius-top-left:0px;--awb-border-radius-top-right:0px;--awb-border-radius-bottom-right:0px;--awb-border-radius-bottom-left:0px;--awb-padding-top:5%;--awb-padding-bottom:2.5%;--awb-padding-top-medium:7.5%;--awb-padding-bottom-medium:7.5%;--awb-flex-wrap:wrap;\" ><div class=\"fusion-builder-row fusion-row fusion-flex-align-items-stretch fusion-flex-content-wrap\" style=\"max-width:1512px;margin-left: calc(-5% \/ 2 );margin-right: calc(-5% \/ 2 );\"><div class=\"fusion-layout-column fusion_builder_column fusion-builder-column-0 fusion_builder_column_4_5 4_5 fusion-flex-column\" style=\"--awb-bg-size:cover;--awb-width-large:80%;--awb-margin-top-large:0px;--awb-spacing-right-large:2.96875%;--awb-margin-bottom-large:0px;--awb-spacing-left-large:2.96875%;--awb-width-medium:100%;--awb-order-medium:0;--awb-spacing-right-medium:2.375%;--awb-spacing-left-medium:2.375%;--awb-width-small:100%;--awb-order-small:0;--awb-spacing-right-small:2.375%;--awb-spacing-left-small:2.375%;\" data-scroll-devices=\"small-visibility,medium-visibility,large-visibility\"><div class=\"fusion-column-wrapper fusion-column-has-shadow fusion-flex-justify-content-flex-start fusion-content-layout-column\"><div class=\"fusion-title title fusion-title-1 fusion-sep-none fusion-title-text fusion-title-size-one caption\" style=\"--awb-margin-top:0px;--awb-margin-right:0px;--awb-margin-left:0px;--awb-margin-top-small:0px;--awb-margin-right-small:0px;--awb-margin-bottom-small:0.5em;--awb-margin-left-small:0px;--awb-font-size:20px;\"><h1 class=\"fusion-title-heading title-heading-left fusion-responsive-typography-calculated\" style=\"margin:0;text-transform:none;font-size:1em;--fontSize:20;--minFontSize:20;line-height:1.15;\">Jedox Schulungszentren<\/h1><\/div><div class=\"fusion-title title fusion-title-2 fusion-sep-none fusion-title-text fusion-title-size-two hero-headline\" style=\"--awb-margin-top:0px;--awb-margin-right:0px;--awb-margin-left:0px;--awb-margin-top-small:0px;--awb-margin-right-small:0px;--awb-margin-bottom-small:0.5em;--awb-margin-left-small:0px;--awb-font-size:60px;\"><h2 class=\"fusion-title-heading title-heading-left fusion-responsive-typography-calculated\" style=\"margin:0;text-transform:none;font-size:1em;--fontSize:60;line-height:1.15;\">Bringen Sie Ihr Wissen auf die n\u00e4chste Stufe mit unseren Schulungszentren<\/h2><\/div><div class=\"fusion-text fusion-text-1 lead\"><p>Jedox-Experten vermitteln Ihnen wertvolles Know-how, praktische Anregungen und konkrete L\u00f6sungsans\u00e4tze f\u00fcr Ihre individuellen EPM-Anforderungen. Ob mit der Jedox Academy an all unseren Standorten weltweit, direkt bei Ihnen vor Ort, oder \u00fcber ein autorisiertes Trainingscenter.<\/p>\n<\/div><\/div><\/div><\/div><\/div><div class=\"fusion-fullwidth fullwidth-box fusion-builder-row-2 fusion-flex-container has-pattern-background has-mask-background nonhundred-percent-fullwidth non-hundred-percent-height-scrolling\" style=\"--awb-border-radius-top-left:0px;--awb-border-radius-top-right:0px;--awb-border-radius-bottom-right:0px;--awb-border-radius-bottom-left:0px;--awb-padding-top:2.5%;--awb-padding-bottom:2.5%;--awb-flex-wrap:wrap;\" ><div class=\"fusion-builder-row fusion-row fusion-flex-align-items-flex-start fusion-flex-content-wrap\" style=\"max-width:1512px;margin-left: calc(-5% \/ 2 );margin-right: calc(-5% \/ 2 );\"><div class=\"fusion-layout-column fusion_builder_column fusion-builder-column-1 fusion_builder_column_1_5 1_5 fusion-flex-column\" style=\"--awb-bg-size:cover;--awb-width-large:20%;--awb-margin-top-large:0px;--awb-spacing-right-large:11.875%;--awb-margin-bottom-large:0px;--awb-spacing-left-large:11.875%;--awb-width-medium:100%;--awb-order-medium:0;--awb-spacing-right-medium:2.375%;--awb-spacing-left-medium:2.375%;--awb-width-small:100%;--awb-order-small:0;--awb-spacing-right-small:2.375%;--awb-spacing-left-small:2.375%;\"><div class=\"fusion-column-wrapper fusion-column-has-shadow fusion-flex-justify-content-flex-start fusion-content-layout-column\"><div class=\"fusion-title title fusion-title-3 fusion-sep-none fusion-title-text fusion-title-size-paragraph\" style=\"--awb-margin-top:0px;--awb-margin-right:0px;--awb-margin-bottom:10px;--awb-margin-left:0px;--awb-margin-top-small:0px;--awb-margin-right-small:0px;--awb-margin-bottom-small:10px;--awb-margin-left-small:0px;--awb-font-size:25px;\"><p class=\"fusion-title-heading title-heading-left title-heading-tag fusion-responsive-typography-calculated\" style=\"font-family:&quot;PaneuropaNova Medium&quot;;font-style:normal;font-weight:400;margin:0;text-transform:var(--awb-typography1-text-transform);font-size:1em;--fontSize:25;line-height:1;\">Region &amp; Land<\/p><\/div><div class=\"facetwp-facet facetwp-facet-jdx_countries_dropdown facetwp-type-dropdown\" data-name=\"jdx_countries_dropdown\" data-type=\"dropdown\"><\/div><\/div><\/div><div class=\"fusion-layout-column fusion_builder_column fusion-builder-column-2 fusion_builder_column_1_5 1_5 fusion-flex-column\" style=\"--awb-bg-size:cover;--awb-width-large:20%;--awb-margin-top-large:0px;--awb-spacing-right-large:11.875%;--awb-margin-bottom-large:0px;--awb-spacing-left-large:11.875%;--awb-width-medium:100%;--awb-order-medium:0;--awb-spacing-right-medium:2.375%;--awb-spacing-left-medium:2.375%;--awb-width-small:100%;--awb-order-small:0;--awb-spacing-right-small:2.375%;--awb-spacing-left-small:2.375%;\"><div class=\"fusion-column-wrapper fusion-column-has-shadow fusion-flex-justify-content-flex-start fusion-content-layout-column\"><\/div><\/div><div class=\"fusion-layout-column fusion_builder_column fusion-builder-column-3 fusion_builder_column_1_5 1_5 fusion-flex-column\" style=\"--awb-bg-size:cover;--awb-width-large:20%;--awb-margin-top-large:0px;--awb-spacing-right-large:11.875%;--awb-margin-bottom-large:0px;--awb-spacing-left-large:11.875%;--awb-width-medium:100%;--awb-order-medium:0;--awb-spacing-right-medium:2.375%;--awb-spacing-left-medium:2.375%;--awb-width-small:100%;--awb-order-small:0;--awb-spacing-right-small:2.375%;--awb-spacing-left-small:2.375%;\"><div class=\"fusion-column-wrapper fusion-column-has-shadow fusion-flex-justify-content-flex-start fusion-content-layout-column\"><\/div><\/div><div class=\"fusion-layout-column fusion_builder_column fusion-builder-column-4 fusion_builder_column_1_5 1_5 fusion-flex-column\" style=\"--awb-bg-size:cover;--awb-width-large:20%;--awb-margin-top-large:0px;--awb-spacing-right-large:11.875%;--awb-margin-bottom-large:0px;--awb-spacing-left-large:11.875%;--awb-width-medium:100%;--awb-order-medium:0;--awb-spacing-right-medium:2.375%;--awb-spacing-left-medium:2.375%;--awb-width-small:100%;--awb-order-small:0;--awb-spacing-right-small:2.375%;--awb-spacing-left-small:2.375%;\"><div class=\"fusion-column-wrapper fusion-column-has-shadow fusion-flex-justify-content-flex-start fusion-content-layout-column\"><\/div><\/div><div class=\"fusion-layout-column fusion_builder_column fusion-builder-column-5 fusion_builder_column_1_5 1_5 fusion-flex-column\" style=\"--awb-bg-size:cover;--awb-width-large:20%;--awb-margin-top-large:0px;--awb-spacing-right-large:11.875%;--awb-margin-bottom-large:0px;--awb-spacing-left-large:11.875%;--awb-width-medium:100%;--awb-order-medium:0;--awb-spacing-right-medium:2.375%;--awb-spacing-left-medium:2.375%;--awb-width-small:100%;--awb-order-small:0;--awb-spacing-right-small:2.375%;--awb-spacing-left-small:2.375%;\" data-scroll-devices=\"small-visibility,medium-visibility,large-visibility\"><div class=\"fusion-column-wrapper fusion-column-has-shadow fusion-flex-justify-content-flex-end fusion-content-layout-row\"><a href=\"javascript:;\" onclick=\"FWP.reset()\" class=\"facetwp-reset-button\">Zur\u00fccksetzen<\/a><\/div><\/div><\/div><\/div><div class=\"fusion-fullwidth fullwidth-box fusion-builder-row-3 fusion-flex-container has-pattern-background has-mask-background nonhundred-percent-fullwidth non-hundred-percent-height-scrolling\" style=\"--awb-border-radius-top-left:0px;--awb-border-radius-top-right:0px;--awb-border-radius-bottom-right:0px;--awb-border-radius-bottom-left:0px;--awb-padding-top:0px;--awb-flex-wrap:wrap;\" ><div class=\"fusion-builder-row fusion-row fusion-flex-align-items-flex-start fusion-flex-content-wrap\" style=\"max-width:1512px;margin-left: calc(-5% \/ 2 );margin-right: calc(-5% \/ 2 );\"><div class=\"fusion-layout-column fusion_builder_column fusion-builder-column-6 fusion_builder_column_1_1 1_1 fusion-flex-column\" style=\"--awb-bg-size:cover;--awb-width-large:100%;--awb-margin-top-large:0px;--awb-spacing-right-large:2.375%;--awb-margin-bottom-large:0px;--awb-spacing-left-large:2.375%;--awb-width-medium:100%;--awb-order-medium:0;--awb-spacing-right-medium:2.375%;--awb-spacing-left-medium:2.375%;--awb-width-small:100%;--awb-order-small:0;--awb-spacing-right-small:2.375%;--awb-spacing-left-small:2.375%;\"><div class=\"fusion-column-wrapper fusion-column-has-shadow fusion-flex-justify-content-flex-start fusion-content-layout-column\"><div class=\"facetwp-template\" data-name=\"jdx_academy_partner_overview\"><div class=\"fwpl-layout facetwp-overview-academy-partners facetwp-overview-standard\"><div class=\"fwpl-result r1\"><div class=\"fwpl-row el-dhx0t\"><div class=\"fwpl-col fwpl-col el-omckm\"><div class=\"fwpl-item facetwp-partner-logo\"><a href=\"https:\/\/www.jedox.com\/de\/partner\/bdg\/\"><img class=\"lazyload\" decoding=\"async\" src=\"data:image\/svg+xml,%3Csvg%20xmlns%3D%27http%3A%2F%2Fwww.w3.org%2F2000%2Fsvg%27%20width%3D%27600%27%20height%3D%27400%27%20viewBox%3D%270%200%20600%20400%27%3E%3Crect%20width%3D%27600%27%20height%3D%27400%27%20fill-opacity%3D%220%22%2F%3E%3C%2Fsvg%3E\" data-orig-src=\"https:\/\/www.jedox.com\/wp-content\/uploads\/2021\/12\/partner-logo-bdg.png\" alt=\"\"><\/a><\/div><\/div><\/div><\/div><div class=\"fwpl-result r2\"><div class=\"fwpl-row el-dhx0t\"><div class=\"fwpl-col fwpl-col el-omckm\"><div class=\"fwpl-item facetwp-partner-logo\"><a href=\"https:\/\/www.jedox.com\/de\/partner\/corporate-financial-management-systems-cfms-ltd\/\"><img class=\"lazyload\" decoding=\"async\" src=\"data:image\/svg+xml,%3Csvg%20xmlns%3D%27http%3A%2F%2Fwww.w3.org%2F2000%2Fsvg%27%20width%3D%27600%27%20height%3D%27400%27%20viewBox%3D%270%200%20600%20400%27%3E%3Crect%20width%3D%27600%27%20height%3D%27400%27%20fill-opacity%3D%220%22%2F%3E%3C%2Fsvg%3E\" data-orig-src=\"https:\/\/www.jedox.com\/wp-content\/uploads\/2023\/01\/partner-logo-cfms.png\" alt=\"\"><\/a><\/div><\/div><\/div><\/div><div class=\"fwpl-result r3\"><div class=\"fwpl-row el-dhx0t\"><div class=\"fwpl-col fwpl-col el-omckm\"><div class=\"fwpl-item facetwp-partner-logo\"><a href=\"https:\/\/www.jedox.com\/de\/partner\/minerva-partners\/\"><img class=\"lazyload\" decoding=\"async\" src=\"data:image\/svg+xml,%3Csvg%20xmlns%3D%27http%3A%2F%2Fwww.w3.org%2F2000%2Fsvg%27%20width%3D%27600%27%20height%3D%27400%27%20viewBox%3D%270%200%20600%20400%27%3E%3Crect%20width%3D%27600%27%20height%3D%27400%27%20fill-opacity%3D%220%22%2F%3E%3C%2Fsvg%3E\" data-orig-src=\"https:\/\/www.jedox.com\/wp-content\/uploads\/2021\/02\/partner-logo-minerva.png\" alt=\"\"><\/a><\/div><\/div><\/div><\/div><div class=\"fwpl-result r4\"><div class=\"fwpl-row el-dhx0t\"><div class=\"fwpl-col fwpl-col el-omckm\"><div class=\"fwpl-item facetwp-partner-logo\"><a href=\"https:\/\/www.jedox.com\/de\/partner\/orise\/\"><img class=\"lazyload\" decoding=\"async\" src=\"data:image\/svg+xml,%3Csvg%20xmlns%3D%27http%3A%2F%2Fwww.w3.org%2F2000%2Fsvg%27%20width%3D%27600%27%20height%3D%27400%27%20viewBox%3D%270%200%20600%20400%27%3E%3Crect%20width%3D%27600%27%20height%3D%27400%27%20fill-opacity%3D%220%22%2F%3E%3C%2Fsvg%3E\" data-orig-src=\"https:\/\/www.jedox.com\/wp-content\/uploads\/2025\/06\/logo-orise-600x400px.png\" alt=\"\"><\/a><\/div><\/div><\/div><\/div><div class=\"fwpl-result r5\"><div class=\"fwpl-row el-dhx0t\"><div class=\"fwpl-col fwpl-col el-omckm\"><div class=\"fwpl-item facetwp-partner-logo\"><a href=\"https:\/\/www.jedox.com\/de\/partner\/qbit\/\"><img class=\"lazyload\" decoding=\"async\" src=\"data:image\/svg+xml,%3Csvg%20xmlns%3D%27http%3A%2F%2Fwww.w3.org%2F2000%2Fsvg%27%20width%3D%27600%27%20height%3D%27400%27%20viewBox%3D%270%200%20600%20400%27%3E%3Crect%20width%3D%27600%27%20height%3D%27400%27%20fill-opacity%3D%220%22%2F%3E%3C%2Fsvg%3E\" data-orig-src=\"https:\/\/www.jedox.com\/wp-content\/uploads\/2020\/02\/partner-logo-qbit.png\" alt=\"\"><\/a><\/div><\/div><\/div><\/div><div class=\"fwpl-result r6\"><div class=\"fwpl-row el-dhx0t\"><div class=\"fwpl-col fwpl-col el-omckm\"><div class=\"fwpl-item facetwp-partner-logo\"><a href=\"https:\/\/www.jedox.com\/de\/partner\/celcus-b-v\/\"><img class=\"lazyload\" decoding=\"async\" src=\"data:image\/svg+xml,%3Csvg%20xmlns%3D%27http%3A%2F%2Fwww.w3.org%2F2000%2Fsvg%27%20width%3D%27600%27%20height%3D%27400%27%20viewBox%3D%270%200%20600%20400%27%3E%3Crect%20width%3D%27600%27%20height%3D%27400%27%20fill-opacity%3D%220%22%2F%3E%3C%2Fsvg%3E\" data-orig-src=\"https:\/\/www.jedox.com\/wp-content\/uploads\/2015\/03\/partner-logo-celcus.png\" alt=\"\"><\/a><\/div><\/div><\/div><\/div><div class=\"fwpl-result r7\"><div class=\"fwpl-row el-dhx0t\"><div class=\"fwpl-col fwpl-col el-omckm\"><div class=\"fwpl-item facetwp-partner-logo\"><a href=\"https:\/\/www.jedox.com\/de\/partner\/hico-group\/\"><img class=\"lazyload\" decoding=\"async\" src=\"data:image\/svg+xml,%3Csvg%20xmlns%3D%27http%3A%2F%2Fwww.w3.org%2F2000%2Fsvg%27%20width%3D%27600%27%20height%3D%27400%27%20viewBox%3D%270%200%20600%20400%27%3E%3Crect%20width%3D%27600%27%20height%3D%27400%27%20fill-opacity%3D%220%22%2F%3E%3C%2Fsvg%3E\" data-orig-src=\"https:\/\/www.jedox.com\/wp-content\/uploads\/2016\/07\/partner-logo-hico-group.png\" alt=\"\"><\/a><\/div><\/div><\/div><\/div><div class=\"fwpl-result r8\"><div class=\"fwpl-row el-dhx0t\"><div class=\"fwpl-col fwpl-col el-omckm\"><div class=\"fwpl-item facetwp-partner-logo\"><a href=\"https:\/\/www.jedox.com\/de\/partner\/intellisoft\/\"><img class=\"lazyload\" decoding=\"async\" src=\"data:image\/svg+xml,%3Csvg%20xmlns%3D%27http%3A%2F%2Fwww.w3.org%2F2000%2Fsvg%27%20width%3D%27600%27%20height%3D%27400%27%20viewBox%3D%270%200%20600%20400%27%3E%3Crect%20width%3D%27600%27%20height%3D%27400%27%20fill-opacity%3D%220%22%2F%3E%3C%2Fsvg%3E\" data-orig-src=\"https:\/\/www.jedox.com\/wp-content\/uploads\/2023\/01\/partner-logo-intellisoft.png\" alt=\"\"><\/a><\/div><\/div><\/div><\/div><div class=\"fwpl-result r9\"><div class=\"fwpl-row el-dhx0t\"><div class=\"fwpl-col fwpl-col el-omckm\"><div class=\"fwpl-item facetwp-partner-logo\"><a href=\"https:\/\/www.jedox.com\/de\/partner\/novofactum-gmbh\/\"><img class=\"lazyload\" decoding=\"async\" src=\"data:image\/svg+xml,%3Csvg%20xmlns%3D%27http%3A%2F%2Fwww.w3.org%2F2000%2Fsvg%27%20width%3D%27600%27%20height%3D%27400%27%20viewBox%3D%270%200%20600%20400%27%3E%3Crect%20width%3D%27600%27%20height%3D%27400%27%20fill-opacity%3D%220%22%2F%3E%3C%2Fsvg%3E\" data-orig-src=\"https:\/\/www.jedox.com\/wp-content\/uploads\/2018\/08\/partner-logo-novofactum-gmbh.png\" alt=\"\"><\/a><\/div><\/div><\/div><\/div><div class=\"fwpl-result r10\"><div class=\"fwpl-row el-dhx0t\"><div class=\"fwpl-col fwpl-col el-omckm\"><div class=\"fwpl-item facetwp-partner-logo\"><a href=\"https:\/\/www.jedox.com\/de\/partner\/orange-business-digital\/\"><img class=\"lazyload\" decoding=\"async\" src=\"data:image\/svg+xml,%3Csvg%20xmlns%3D%27http%3A%2F%2Fwww.w3.org%2F2000%2Fsvg%27%20width%3D%27600%27%20height%3D%27400%27%20viewBox%3D%270%200%20600%20400%27%3E%3Crect%20width%3D%27600%27%20height%3D%27400%27%20fill-opacity%3D%220%22%2F%3E%3C%2Fsvg%3E\" data-orig-src=\"https:\/\/www.jedox.com\/wp-content\/uploads\/2015\/03\/partner-logo-orange-business.png\" alt=\"\"><\/a><\/div><\/div><\/div><\/div><div class=\"fwpl-result r11\"><div class=\"fwpl-row el-dhx0t\"><div class=\"fwpl-col fwpl-col el-omckm\"><div class=\"fwpl-item facetwp-partner-logo\"><a href=\"https:\/\/www.jedox.com\/de\/partner\/sesquian-limited\/\"><img class=\"lazyload\" decoding=\"async\" src=\"data:image\/gif;base64,R0lGODlhAQABAAAAACH5BAEKAAEALAAAAAABAAEAAAICTAEAOw==\" data-orig-src=\"\" alt=\"\"><\/a><\/div><\/div><\/div><\/div><div class=\"fwpl-result r12\"><div class=\"fwpl-row el-dhx0t\"><div class=\"fwpl-col fwpl-col el-omckm\"><div class=\"fwpl-item facetwp-partner-logo\"><a href=\"https:\/\/www.jedox.com\/de\/partner\/aexis\/\"><img class=\"lazyload\" decoding=\"async\" src=\"data:image\/svg+xml,%3Csvg%20xmlns%3D%27http%3A%2F%2Fwww.w3.org%2F2000%2Fsvg%27%20width%3D%27600%27%20height%3D%27400%27%20viewBox%3D%270%200%20600%20400%27%3E%3Crect%20width%3D%27600%27%20height%3D%27400%27%20fill-opacity%3D%220%22%2F%3E%3C%2Fsvg%3E\" data-orig-src=\"https:\/\/www.jedox.com\/wp-content\/uploads\/2019\/01\/partner-logo-aexis.png\" alt=\"\"><\/a><\/div><\/div><\/div><\/div><div class=\"fwpl-result r13\"><div class=\"fwpl-row el-dhx0t\"><div class=\"fwpl-col fwpl-col el-omckm\"><div class=\"fwpl-item facetwp-partner-logo\"><a href=\"https:\/\/www.jedox.com\/de\/partner\/keansa-solutions-pte-ltd\/\"><img class=\"lazyload\" decoding=\"async\" src=\"data:image\/svg+xml,%3Csvg%20xmlns%3D%27http%3A%2F%2Fwww.w3.org%2F2000%2Fsvg%27%20width%3D%27600%27%20height%3D%27400%27%20viewBox%3D%270%200%20600%20400%27%3E%3Crect%20width%3D%27600%27%20height%3D%27400%27%20fill-opacity%3D%220%22%2F%3E%3C%2Fsvg%3E\" data-orig-src=\"https:\/\/www.jedox.com\/wp-content\/uploads\/2020\/07\/partner-logo-keansa.png\" alt=\"\"><\/a><\/div><\/div><\/div><\/div><div class=\"fwpl-result r14\"><div class=\"fwpl-row el-dhx0t\"><div class=\"fwpl-col fwpl-col el-omckm\"><div class=\"fwpl-item facetwp-partner-logo\"><a href=\"https:\/\/www.jedox.com\/de\/partner\/mazepoint-ltd\/\"><img class=\"lazyload\" decoding=\"async\" src=\"data:image\/svg+xml,%3Csvg%20xmlns%3D%27http%3A%2F%2Fwww.w3.org%2F2000%2Fsvg%27%20width%3D%27600%27%20height%3D%27400%27%20viewBox%3D%270%200%20600%20400%27%3E%3Crect%20width%3D%27600%27%20height%3D%27400%27%20fill-opacity%3D%220%22%2F%3E%3C%2Fsvg%3E\" data-orig-src=\"https:\/\/www.jedox.com\/wp-content\/uploads\/2015\/03\/partner-logo-mazepoint.png\" alt=\"\"><\/a><\/div><\/div><\/div><\/div><div class=\"fwpl-result r15\"><div class=\"fwpl-row el-dhx0t\"><div class=\"fwpl-col fwpl-col el-omckm\"><div class=\"fwpl-item facetwp-partner-logo\"><a href=\"https:\/\/www.jedox.com\/de\/partner\/ps-business-solutions\/\"><img class=\"lazyload\" decoding=\"async\" src=\"data:image\/svg+xml,%3Csvg%20xmlns%3D%27http%3A%2F%2Fwww.w3.org%2F2000%2Fsvg%27%20width%3D%27600%27%20height%3D%27400%27%20viewBox%3D%270%200%20600%20400%27%3E%3Crect%20width%3D%27600%27%20height%3D%27400%27%20fill-opacity%3D%220%22%2F%3E%3C%2Fsvg%3E\" data-orig-src=\"https:\/\/www.jedox.com\/wp-content\/uploads\/2017\/03\/partner-logo-ps-group.png\" alt=\"\"><\/a><\/div><\/div><\/div><\/div><div class=\"fwpl-result r16\"><div class=\"fwpl-row el-dhx0t\"><div class=\"fwpl-col fwpl-col el-omckm\"><div class=\"fwpl-item facetwp-partner-logo\"><a href=\"https:\/\/www.jedox.com\/de\/partner\/profitcura-ltd\/\"><img class=\"lazyload\" decoding=\"async\" src=\"data:image\/svg+xml,%3Csvg%20xmlns%3D%27http%3A%2F%2Fwww.w3.org%2F2000%2Fsvg%27%20width%3D%27600%27%20height%3D%27400%27%20viewBox%3D%270%200%20600%20400%27%3E%3Crect%20width%3D%27600%27%20height%3D%27400%27%20fill-opacity%3D%220%22%2F%3E%3C%2Fsvg%3E\" data-orig-src=\"https:\/\/www.jedox.com\/wp-content\/uploads\/2023\/02\/profitcura-final-logo-600x400-1.png\" alt=\"\"><\/a><\/div><\/div><\/div><\/div><div class=\"fwpl-result r17\"><div class=\"fwpl-row el-dhx0t\"><div class=\"fwpl-col fwpl-col el-omckm\"><div class=\"fwpl-item facetwp-partner-logo\"><a href=\"https:\/\/www.jedox.com\/de\/partner\/quental-technologies-s-l\/\"><img class=\"lazyload\" decoding=\"async\" src=\"data:image\/svg+xml,%3Csvg%20xmlns%3D%27http%3A%2F%2Fwww.w3.org%2F2000%2Fsvg%27%20width%3D%27600%27%20height%3D%27400%27%20viewBox%3D%270%200%20600%20400%27%3E%3Crect%20width%3D%27600%27%20height%3D%27400%27%20fill-opacity%3D%220%22%2F%3E%3C%2Fsvg%3E\" data-orig-src=\"https:\/\/www.jedox.com\/wp-content\/uploads\/2023\/01\/partner-logo-quental.png\" alt=\"\"><\/a><\/div><\/div><\/div><\/div><div class=\"fwpl-result r18\"><div class=\"fwpl-row el-dhx0t\"><div class=\"fwpl-col fwpl-col el-omckm\"><div class=\"fwpl-item facetwp-partner-logo\"><a href=\"https:\/\/www.jedox.com\/de\/partner\/9-dots-consulting-sdn-bhd\/\"><img class=\"lazyload\" decoding=\"async\" src=\"data:image\/svg+xml,%3Csvg%20xmlns%3D%27http%3A%2F%2Fwww.w3.org%2F2000%2Fsvg%27%20width%3D%27600%27%20height%3D%27400%27%20viewBox%3D%270%200%20600%20400%27%3E%3Crect%20width%3D%27600%27%20height%3D%27400%27%20fill-opacity%3D%220%22%2F%3E%3C%2Fsvg%3E\" data-orig-src=\"https:\/\/www.jedox.com\/wp-content\/uploads\/2023\/03\/logo-9-dots-consulting-600x400px.png\" alt=\"\"><\/a><\/div><\/div><\/div><\/div><div class=\"fwpl-result r19\"><div class=\"fwpl-row el-dhx0t\"><div class=\"fwpl-col fwpl-col el-omckm\"><div class=\"fwpl-item facetwp-partner-logo\"><a href=\"https:\/\/www.jedox.com\/de\/partner\/grid-dynamics-inc\/\"><img class=\"lazyload\" decoding=\"async\" src=\"data:image\/svg+xml,%3Csvg%20xmlns%3D%27http%3A%2F%2Fwww.w3.org%2F2000%2Fsvg%27%20width%3D%27600%27%20height%3D%27400%27%20viewBox%3D%270%200%20600%20400%27%3E%3Crect%20width%3D%27600%27%20height%3D%27400%27%20fill-opacity%3D%220%22%2F%3E%3C%2Fsvg%3E\" data-orig-src=\"https:\/\/www.jedox.com\/wp-content\/uploads\/2014\/12\/partner-logo-grid-dynamics.png\" alt=\"\"><\/a><\/div><\/div><\/div><\/div><div class=\"fwpl-result r20\"><div class=\"fwpl-row el-dhx0t\"><div class=\"fwpl-col fwpl-col el-omckm\"><div class=\"fwpl-item facetwp-partner-logo\"><a href=\"https:\/\/www.jedox.com\/de\/partner\/it-novum\/\"><img class=\"lazyload\" decoding=\"async\" src=\"data:image\/svg+xml,%3Csvg%20xmlns%3D%27http%3A%2F%2Fwww.w3.org%2F2000%2Fsvg%27%20width%3D%27600%27%20height%3D%27400%27%20viewBox%3D%270%200%20600%20400%27%3E%3Crect%20width%3D%27600%27%20height%3D%27400%27%20fill-opacity%3D%220%22%2F%3E%3C%2Fsvg%3E\" data-orig-src=\"https:\/\/www.jedox.com\/wp-content\/uploads\/2022\/03\/logo-it-novum-new-1.png\" alt=\"\"><\/a><\/div><\/div><\/div><\/div><div class=\"fwpl-result r21\"><div class=\"fwpl-row el-dhx0t\"><div class=\"fwpl-col fwpl-col el-omckm\"><div class=\"fwpl-item facetwp-partner-logo\"><a href=\"https:\/\/www.jedox.com\/de\/partner\/mandora-business-solutions-gmbh\/\"><img class=\"lazyload\" decoding=\"async\" src=\"data:image\/svg+xml,%3Csvg%20xmlns%3D%27http%3A%2F%2Fwww.w3.org%2F2000%2Fsvg%27%20width%3D%27600%27%20height%3D%27400%27%20viewBox%3D%270%200%20600%20400%27%3E%3Crect%20width%3D%27600%27%20height%3D%27400%27%20fill-opacity%3D%220%22%2F%3E%3C%2Fsvg%3E\" data-orig-src=\"https:\/\/www.jedox.com\/wp-content\/uploads\/2015\/03\/partner-logo-mandora.png\" alt=\"\"><\/a><\/div><\/div><\/div><\/div><\/div>\n<style>\n.fwpl-layout, .fwpl-row {\n    display: grid;\n}\n.fwpl-layout.facetwp-overview-academy-partners {\n    grid-template-columns: repeat(5, 1fr);\n    grid-gap: 20px;\n}\n.fwpl-btn {\n    text-decoration: none;\n}\n.fwpl-layout.facetwp-overview-academy-partners .fwpl-result {\n    text-align: left;\n}\n.fwpl-row.el-dhx0t {\n    grid-template-columns: 1fr;\n}\n@media (max-width: 480px) { \n    body .facetwp-template .fwpl-layout,  \n    body .facetwp-template-static .fwpl-layout { grid-template-columns: 1fr; } \n} \n\n<\/style>\n<\/div>\n<script>\n(function($) {\n$(document).on('facetwp-refresh', function() {\n$('.facetwp-template').animate({ opacity: 0 }, 750);\n});\n$(document).on('facetwp-loaded', function() {\n$('.facetwp-template').animate({ opacity: 1 }, 750);\n});\n})(jQuery);\n<\/script><\/div><\/div><\/div><\/div><\/p>\n","protected":false},"excerpt":{"rendered":"","protected":false},"author":3,"featured_media":0,"parent":79862,"menu_order":0,"comment_status":"closed","ping_status":"closed","template":"100-width.php","meta":{"_acf_changed":false,"footnotes":""},"class_list":["post-81561","page","type-page","status-publish","hentry"],"acf":[],"_links":{"self":[{"href":"https:\/\/www.jedox.com\/de\/wp-json\/wp\/v2\/pages\/81561","targetHints":{"allow":["GET"]}}],"collection":[{"href":"https:\/\/www.jedox.com\/de\/wp-json\/wp\/v2\/pages"}],"about":[{"href":"https:\/\/www.jedox.com\/de\/wp-json\/wp\/v2\/types\/page"}],"author":[{"embeddable":true,"href":"https:\/\/www.jedox.com\/de\/wp-json\/wp\/v2\/users\/3"}],"replies":[{"embeddable":true,"href":"https:\/\/www.jedox.com\/de\/wp-json\/wp\/v2\/comments?post=81561"}],"version-history":[{"count":0,"href":"https:\/\/www.jedox.com\/de\/wp-json\/wp\/v2\/pages\/81561\/revisions"}],"up":[{"embeddable":true,"href":"https:\/\/www.jedox.com\/de\/wp-json\/wp\/v2\/pages\/79862"}],"wp:attachment":[{"href":"https:\/\/www.jedox.com\/de\/wp-json\/wp\/v2\/media?parent=81561"}],"curies":[{"name":"wp","href":"https:\/\/api.w.org\/{rel}","templated":true}]}}