{"id":79955,"date":"2021-04-23T13:50:40","date_gmt":"2021-04-23T11:50:40","guid":{"rendered":"https:\/\/www.jedox.com\/online-trainings\/"},"modified":"2026-04-02T09:46:04","modified_gmt":"2026-04-02T07:46:04","slug":"training-videos","status":"publish","type":"page","link":"https:\/\/www.jedox.com\/de\/services\/training-videos\/","title":{"rendered":"Training Videos"},"content":{"rendered":"<p><div class=\"fusion-fullwidth fullwidth-box fusion-builder-row-1 fusion-flex-container has-pattern-background has-mask-background nonhundred-percent-fullwidth non-hundred-percent-height-scrolling jdx-clean-header\" style=\"--awb-border-radius-top-left:0px;--awb-border-radius-top-right:0px;--awb-border-radius-bottom-right:0px;--awb-border-radius-bottom-left:0px;--awb-padding-top:5%;--awb-padding-bottom:2.5%;--awb-padding-top-medium:7.5%;--awb-padding-bottom-medium:7.5%;--awb-flex-wrap:wrap;\" ><div class=\"fusion-builder-row fusion-row fusion-flex-align-items-stretch fusion-flex-content-wrap\" style=\"max-width:1512px;margin-left: calc(-5% \/ 2 );margin-right: calc(-5% \/ 2 );\"><div class=\"fusion-layout-column fusion_builder_column fusion-builder-column-0 fusion_builder_column_4_5 4_5 fusion-flex-column\" style=\"--awb-bg-size:cover;--awb-width-large:80%;--awb-margin-top-large:0px;--awb-spacing-right-large:2.96875%;--awb-margin-bottom-large:0px;--awb-spacing-left-large:2.96875%;--awb-width-medium:100%;--awb-order-medium:0;--awb-spacing-right-medium:2.375%;--awb-spacing-left-medium:2.375%;--awb-width-small:100%;--awb-order-small:0;--awb-spacing-right-small:2.375%;--awb-spacing-left-small:2.375%;\" data-scroll-devices=\"small-visibility,medium-visibility,large-visibility\"><div class=\"fusion-column-wrapper fusion-column-has-shadow fusion-flex-justify-content-flex-start fusion-content-layout-column\"><div class=\"fusion-title title fusion-title-1 fusion-sep-none fusion-title-text fusion-title-size-one caption\" style=\"--awb-margin-top:0px;--awb-margin-right:0px;--awb-margin-left:0px;--awb-margin-top-small:0px;--awb-margin-right-small:0px;--awb-margin-bottom-small:0.5em;--awb-margin-left-small:0px;--awb-font-size:20px;\"><h1 class=\"fusion-title-heading title-heading-left fusion-responsive-typography-calculated\" style=\"margin:0;text-transform:none;font-size:1em;--fontSize:20;--minFontSize:20;line-height:1.15;\">\u00dcberblick Videos<\/h1><\/div><div class=\"fusion-title title fusion-title-2 fusion-sep-none fusion-title-text fusion-title-size-two hero-headline\" style=\"--awb-margin-top:0px;--awb-margin-right:0px;--awb-margin-left:0px;--awb-margin-top-small:0px;--awb-margin-right-small:0px;--awb-margin-bottom-small:0.5em;--awb-margin-left-small:0px;--awb-font-size:60px;\"><h2 class=\"fusion-title-heading title-heading-left fusion-responsive-typography-calculated\" style=\"margin:0;text-transform:none;font-size:1em;--fontSize:60;line-height:1.15;\">Erhalten Sie einen ersten Eindruck von Jedox<\/h2><\/div><div class=\"fusion-text fusion-text-1\"><p>Hier finden Sie Videos, die Ihnen einen ersten Einblick in die Welt von Jedox geben k\u00f6nnen.<\/p>\n<p>Bitte beachten Sie, dass die Videos nicht mehr den aktuellen Stand der Software widerspiegeln aber Ihnen die Einfachheit der Grundkonzepte erkl\u00e4ren k\u00f6nnen. Nutzen Sie diese Videos f\u00fcr einen ersten, schnellen und kostenlosen \u00dcberblick.<br \/>\nF\u00fcr die detaillierte Einarbeitung in Jedox stehen Ihnen dann trainergef\u00fchrten Schulungen und Workshops sowie die Online Academy mit ihren ca. 30 eLearning Kursen zur Verf\u00fcgung.<\/p>\n<\/div><\/div><\/div><\/div><\/div>\n<div class=\"fusion-fullwidth fullwidth-box fusion-builder-row-2 nonhundred-percent-fullwidth non-hundred-percent-height-scrolling\" style=\"--awb-border-radius-top-left:0px;--awb-border-radius-top-right:0px;--awb-border-radius-bottom-right:0px;--awb-border-radius-bottom-left:0px;--awb-flex-wrap:wrap;\" ><div class=\"fusion-builder-row fusion-row\"><div class=\"fusion-layout-column fusion_builder_column fusion-builder-column-1 fusion_builder_column_1_1 1_1 fusion-one-full fusion-column-first fusion-column-last\" style=\"--awb-bg-size:cover;--awb-margin-top:0px;--awb-margin-bottom:0px;\"><div class=\"fusion-column-wrapper fusion-flex-column-wrapper-legacy\"><div class=\"fusion-menu-anchor\" id=\"101-essentials\"><\/div><div class=\"fusion-title title fusion-title-3 fusion-sep-none fusion-title-text fusion-title-size-three\" style=\"--awb-margin-top:0px;--awb-margin-right:0px;--awb-margin-left:0px;--awb-margin-top-small:0px;--awb-margin-right-small:0px;--awb-margin-bottom-small:0.5em;--awb-margin-left-small:0px;\"><h3 class=\"fusion-title-heading title-heading-left fusion-responsive-typography-calculated\" style=\"margin:0;text-transform:none;--fontSize:30;line-height:1.15;\"><span data-teams=\"true\">Jedox in Action<\/span><\/h3><\/div><div class=\"fusion-text fusion-text-2\"><p>Entdecken Sie kurze, pr\u00e4gnante Videos, die zeigen, wie Jedox Planung, Berichterstellung und Analysen zum Leben erweckt. Ganz gleich, ob Sie sich mit den wichtigsten Funktionen vertraut machen oder tiefer in die Kernkonzepte eintauchen m\u00f6chten \u2013 jeder Clip bietet einen praktischen Einblick in den Einsatz von Jedox in der Praxis.<\/p>\n<\/div><div class=\"fusion-sep-clear\"><\/div><div class=\"fusion-separator fusion-full-width-sep\" style=\"margin-left: auto;margin-right: auto;margin-bottom:40px;width:100%;\"><\/div><div class=\"fusion-sep-clear\"><\/div>        \r\n        <div class=\"fusion-reading-box-container reading-box-container-1\">\r\n\r\n            \r\n                            <div class=\"jdx-online-course-item \">\r\n                                <a href=\"https:\/\/www.jedox.com\/de\/services\/training-videos\/session-1-easy-trial-installation-try-it-yourself-video-2-follow-along-jedox-web-report\/\" class=\"fusion-clearfix\">\r\n                                                                        <div class=\"jdx-online-course-inner\">\r\n                                        <span class=\"jdx-online-course-content\">\r\n                                            <h3>\r\n                                                <small>Reporting & Planning<br \/><\/small>\r\n                                                Jedox Web Report                                            <\/h3>\r\n                                        <\/span>\r\n                                        <span class=\"jdx-online-course-duration\">\r\n                                            <i class=\"fa fa-clock-o\" aria-hidden=\"true\"><\/i> 04:30 min                                        <\/span>\r\n                                        <span class=\"jdx-online-course-icon\">\r\n                                            <i class=\"fa fa-chevron-right\" aria-hidden=\"true\"><\/i>\r\n                                        <\/span>\r\n                                    <\/div>\r\n                                <\/a>\r\n                                <div class=\"\"><\/div>\r\n                            <\/div>\r\n                        \r\n                            <div class=\"jdx-online-course-item \">\r\n                                <a href=\"https:\/\/www.jedox.com\/de\/services\/training-videos\/session-1-easy-trial-installation-try-it-yourself-video-3-planning-using-jedox-web\/\" class=\"fusion-clearfix\">\r\n                                                                        <div class=\"jdx-online-course-inner\">\r\n                                        <span class=\"jdx-online-course-content\">\r\n                                            <h3>\r\n                                                <small>Reporting & Planning<br \/><\/small>\r\n                                                Planning using Jedox Web                                            <\/h3>\r\n                                        <\/span>\r\n                                        <span class=\"jdx-online-course-duration\">\r\n                                            <i class=\"fa fa-clock-o\" aria-hidden=\"true\"><\/i> 05:06 min                                        <\/span>\r\n                                        <span class=\"jdx-online-course-icon\">\r\n                                            <i class=\"fa fa-chevron-right\" aria-hidden=\"true\"><\/i>\r\n                                        <\/span>\r\n                                    <\/div>\r\n                                <\/a>\r\n                                <div class=\"\"><\/div>\r\n                            <\/div>\r\n                        \r\n                            <div class=\"jdx-online-course-item new-video\">\r\n                                <a href=\"https:\/\/www.jedox.com\/de\/services\/training-videos\/session-4-slowly-changing-dimensions-lesson-1-the-issue-and-approaches\/\" class=\"fusion-clearfix\">\r\n                                                                        <div class=\"jdx-online-course-inner\">\r\n                                        <span class=\"jdx-online-course-content\">\r\n                                            <h3>\r\n                                                <small>Session: Slowly Changing Dimensions<br \/><\/small>\r\n                                                Lesson 1 &#8211; The issue and approaches                                            <\/h3>\r\n                                        <\/span>\r\n                                        <span class=\"jdx-online-course-duration\">\r\n                                            <i class=\"fa fa-clock-o\" aria-hidden=\"true\"><\/i> 17:19 min                                        <\/span>\r\n                                        <span class=\"jdx-online-course-icon\">\r\n                                            <i class=\"fa fa-chevron-right\" aria-hidden=\"true\"><\/i>\r\n                                        <\/span>\r\n                                    <\/div>\r\n                                <\/a>\r\n                                <div class=\"\"><\/div>\r\n                            <\/div>\r\n                        \r\n                            <div class=\"jdx-online-course-item new-video\">\r\n                                <a href=\"https:\/\/www.jedox.com\/de\/services\/training-videos\/session-4-slowly-changing-dimensions-lesson-2-demonstrations-of-approaches-part-1\/\" class=\"fusion-clearfix\">\r\n                                                                        <div class=\"jdx-online-course-inner\">\r\n                                        <span class=\"jdx-online-course-content\">\r\n                                            <h3>\r\n                                                <small>Session: Slowly Changing Dimensions<br \/><\/small>\r\n                                                Lesson 2 &#8211; Demonstrations of approaches part 1                                            <\/h3>\r\n                                        <\/span>\r\n                                        <span class=\"jdx-online-course-duration\">\r\n                                            <i class=\"fa fa-clock-o\" aria-hidden=\"true\"><\/i> 14:30 min                                        <\/span>\r\n                                        <span class=\"jdx-online-course-icon\">\r\n                                            <i class=\"fa fa-chevron-right\" aria-hidden=\"true\"><\/i>\r\n                                        <\/span>\r\n                                    <\/div>\r\n                                <\/a>\r\n                                <div class=\"\"><\/div>\r\n                            <\/div>\r\n                        \r\n                            <div class=\"jdx-online-course-item new-video\">\r\n                                <a href=\"https:\/\/www.jedox.com\/de\/services\/training-videos\/session-4-slowly-changing-dimensions-lesson-3-demonstrations-of-approaches-part-2\/\" class=\"fusion-clearfix\">\r\n                                                                        <div class=\"jdx-online-course-inner\">\r\n                                        <span class=\"jdx-online-course-content\">\r\n                                            <h3>\r\n                                                <small>Session: Slowly Changing Dimensions<br \/><\/small>\r\n                                                Lesson 3 &#8211; Demonstrations of approaches part 2                                            <\/h3>\r\n                                        <\/span>\r\n                                        <span class=\"jdx-online-course-duration\">\r\n                                            <i class=\"fa fa-clock-o\" aria-hidden=\"true\"><\/i> 14:52 min                                        <\/span>\r\n                                        <span class=\"jdx-online-course-icon\">\r\n                                            <i class=\"fa fa-chevron-right\" aria-hidden=\"true\"><\/i>\r\n                                        <\/span>\r\n                                    <\/div>\r\n                                <\/a>\r\n                                <div class=\"\"><\/div>\r\n                            <\/div>\r\n                                <\/div>\r\n\r\n    <div class=\"fusion-clearfix\"><\/div><\/div><\/div><\/div><\/div><div id=\"faq\" class=\"fusion-container-anchor\"><div class=\"fusion-fullwidth fullwidth-box fusion-builder-row-3 fusion-flex-container nonhundred-percent-fullwidth non-hundred-percent-height-scrolling jdx-trust jdx-faq\" style=\"--awb-border-radius-top-left:0px;--awb-border-radius-top-right:0px;--awb-border-radius-bottom-right:0px;--awb-border-radius-bottom-left:0px;--awb-background-color:#F0EFE7;--awb-flex-wrap:wrap;\" ><div class=\"fusion-builder-row fusion-row fusion-flex-align-items-flex-start fusion-flex-justify-content-center fusion-flex-content-wrap\" style=\"max-width:1512px;margin-left: calc(-5% \/ 2 );margin-right: calc(-5% \/ 2 );\"><div class=\"fusion-layout-column fusion_builder_column fusion-builder-column-2 fusion_builder_column_3_5 3_5 fusion-flex-column\" style=\"--awb-bg-size:cover;--awb-width-large:60%;--awb-margin-top-large:0px;--awb-spacing-right-large:3.95833333333%;--awb-margin-bottom-large:0px;--awb-spacing-left-large:3.95833333333%;--awb-width-medium:100%;--awb-order-medium:0;--awb-spacing-right-medium:2.375%;--awb-spacing-left-medium:2.375%;--awb-width-small:100%;--awb-order-small:0;--awb-spacing-right-small:2.375%;--awb-spacing-left-small:2.375%;\"><div class=\"fusion-column-wrapper fusion-column-has-shadow fusion-flex-justify-content-flex-start fusion-content-layout-column\"><div class=\"fusion-title title fusion-title-4 fusion-sep-none fusion-title-center fusion-title-text fusion-title-size-two caption light\" style=\"--awb-margin-top:0px;--awb-margin-right:0px;--awb-margin-left:0px;--awb-margin-top-small:0px;--awb-margin-right-small:0px;--awb-margin-bottom-small:0.5em;--awb-margin-left-small:0px;--awb-font-size:20px;\"><h2 class=\"fusion-title-heading title-heading-center fusion-responsive-typography-calculated\" style=\"margin:0;text-transform:none;font-size:1em;--fontSize:20;--minFontSize:20;line-height:1.15;\">FAQ<\/h2><\/div><div class=\"fusion-title title fusion-title-5 fusion-sep-none fusion-title-center fusion-title-text fusion-title-size-three\" style=\"--awb-margin-top:0px;--awb-margin-right:0px;--awb-margin-left:0px;--awb-margin-top-small:0px;--awb-margin-right-small:0px;--awb-margin-bottom-small:0.5em;--awb-margin-left-small:0px;\"><h3 class=\"fusion-title-heading title-heading-center fusion-responsive-typography-calculated\" style=\"margin:0;text-transform:none;--fontSize:30;line-height:1.15;\">H\u00e4ufig gestellte Fragen<\/h3><\/div><div class=\"accordian fusion-accordian jdx-faq\" style=\"--awb-border-size:1px;--awb-icon-size:25px;--awb-content-font-size:var(--awb-typography4-font-size);--awb-icon-alignment:right;--awb-hover-color:var(--awb-custom_color_1);--awb-border-color:rgba(255,255,255,0);--awb-background-color:var(--awb-color1);--awb-divider-color:var(--awb-color2);--awb-divider-hover-color:var(--awb-color2);--awb-icon-color:var(--awb-color3);--awb-title-color:var(--awb-color8);--awb-content-color:var(--awb-color8);--awb-icon-box-color:var(--awb-color3);--awb-toggle-hover-accent-color:var(--awb-color3);--awb-title-font-family:var(--awb-custom_typography_3-font-family);--awb-title-font-weight:var(--awb-custom_typography_3-font-weight);--awb-title-font-style:var(--awb-custom_typography_3-font-style);--awb-title-font-size:25px;--awb-title-letter-spacing:var(--awb-custom_typography_3-letter-spacing);--awb-title-line-height:var(--awb-custom_typography_3-line-height);--awb-content-font-family:var(--awb-typography4-font-family);--awb-content-font-weight:var(--awb-typography4-font-weight);--awb-content-font-style:var(--awb-typography4-font-style);\"><div class=\"panel-group fusion-toggle-icon-right fusion-toggle-icon-unboxed\" id=\"accordion-45975-1\"><div class=\"fusion-panel panel-default reduced panel-73628dff8ad8ab18a fusion-toggle-no-divider fusion-toggle-boxed-mode\"><div class=\"panel-heading\"><h4 class=\"panel-title toggle\" id=\"toggle_73628dff8ad8ab18a\"><a aria-expanded=\"false\" aria-controls=\"73628dff8ad8ab18a\" role=\"button\" data-toggle=\"collapse\" data-parent=\"#accordion-45975-1\" data-target=\"#73628dff8ad8ab18a\" href=\"#73628dff8ad8ab18a\"><span class=\"fusion-toggle-icon-wrapper\" aria-hidden=\"true\"><i class=\"fa-fusion-box active-icon awb-icon-minus\" aria-hidden=\"true\"><\/i><i class=\"fa-fusion-box inactive-icon awb-icon-plus\" aria-hidden=\"true\"><\/i><\/span><span class=\"fusion-toggle-heading\">Sind die Videos kostenfrei? <\/span><\/a><\/h4><\/div><div id=\"73628dff8ad8ab18a\" class=\"panel-collapse collapse \" aria-labelledby=\"toggle_73628dff8ad8ab18a\"><div class=\"panel-body toggle-content fusion-clearfix\">Das gesamte Angebot an Videos kann kostenfrei und ohne Angabe pers\u00f6nlicher Daten zu jederzeit genutzt werden. klick &amp; learn<\/div><\/div><\/div><div class=\"fusion-panel panel-default reduced panel-743efc390a64dc7a2 fusion-toggle-no-divider fusion-toggle-boxed-mode\"><div class=\"panel-heading\"><h4 class=\"panel-title toggle\" id=\"toggle_743efc390a64dc7a2\"><a aria-expanded=\"false\" aria-controls=\"743efc390a64dc7a2\" role=\"button\" data-toggle=\"collapse\" data-parent=\"#accordion-45975-1\" data-target=\"#743efc390a64dc7a2\" href=\"#743efc390a64dc7a2\"><span class=\"fusion-toggle-icon-wrapper\" aria-hidden=\"true\"><i class=\"fa-fusion-box active-icon awb-icon-minus\" aria-hidden=\"true\"><\/i><i class=\"fa-fusion-box inactive-icon awb-icon-plus\" aria-hidden=\"true\"><\/i><\/span><span class=\"fusion-toggle-heading\">Woher bekomme ich die \u00dcbungsaufgaben und das Material aus den Videos? <\/span><\/a><\/h4><\/div><div id=\"743efc390a64dc7a2\" class=\"panel-collapse collapse \" aria-labelledby=\"toggle_743efc390a64dc7a2\"><div class=\"panel-body toggle-content fusion-clearfix\">\n<p>Zugang zum Schulungsmaterial mit \u00dcbungen und Testfragen bekommen Sie mit der kostenpflichtigen Buchung eines e-learning Kurses auf unserer Online Academy. Mehr Infos finden Sie <a href=\"https:\/\/www.jedox.com\/de\/services\/online-academy\/\">hier<\/a><\/p>\n<\/div><\/div><\/div><div class=\"fusion-panel panel-default reduced panel-e9dcc57dc4bb28c56 fusion-toggle-no-divider fusion-toggle-boxed-mode\"><div class=\"panel-heading\"><h4 class=\"panel-title toggle\" id=\"toggle_e9dcc57dc4bb28c56\"><a aria-expanded=\"false\" aria-controls=\"e9dcc57dc4bb28c56\" role=\"button\" data-toggle=\"collapse\" data-parent=\"#accordion-45975-1\" data-target=\"#e9dcc57dc4bb28c56\" href=\"#e9dcc57dc4bb28c56\"><span class=\"fusion-toggle-icon-wrapper\" aria-hidden=\"true\"><i class=\"fa-fusion-box active-icon awb-icon-minus\" aria-hidden=\"true\"><\/i><i class=\"fa-fusion-box inactive-icon awb-icon-plus\" aria-hidden=\"true\"><\/i><\/span><span class=\"fusion-toggle-heading\">In welcher Sprache sind die Videos? <\/span><\/a><\/h4><\/div><div id=\"e9dcc57dc4bb28c56\" class=\"panel-collapse collapse \" aria-labelledby=\"toggle_e9dcc57dc4bb28c56\"><div class=\"panel-body toggle-content fusion-clearfix\">Aktuell sind alle Videos ausschlie\u00dflich in englischer Sprache.<\/div><\/div><\/div><\/div><\/div><div class=\"fusion-text fusion-text-3 md-text-align-left sm-text-align-left teaser-link\" style=\"--awb-content-alignment:center;\"><p><a href=\"https:\/\/www.jedox.com\/de\/kontakt\/\">Haben Sie noch Fragen? Kontaktieren Sie uns!<\/a><\/p>\n<\/div>\n<\/div><\/div><\/div><\/div><\/div><\/p>\n","protected":false},"excerpt":{"rendered":"","protected":false},"author":3,"featured_media":0,"parent":79862,"menu_order":0,"comment_status":"closed","ping_status":"closed","template":"100-width.php","meta":{"_acf_changed":false,"footnotes":""},"class_list":["post-79955","page","type-page","status-publish","hentry"],"acf":[],"_links":{"self":[{"href":"https:\/\/www.jedox.com\/de\/wp-json\/wp\/v2\/pages\/79955","targetHints":{"allow":["GET"]}}],"collection":[{"href":"https:\/\/www.jedox.com\/de\/wp-json\/wp\/v2\/pages"}],"about":[{"href":"https:\/\/www.jedox.com\/de\/wp-json\/wp\/v2\/types\/page"}],"author":[{"embeddable":true,"href":"https:\/\/www.jedox.com\/de\/wp-json\/wp\/v2\/users\/3"}],"replies":[{"embeddable":true,"href":"https:\/\/www.jedox.com\/de\/wp-json\/wp\/v2\/comments?post=79955"}],"version-history":[{"count":5,"href":"https:\/\/www.jedox.com\/de\/wp-json\/wp\/v2\/pages\/79955\/revisions"}],"predecessor-version":[{"id":173294,"href":"https:\/\/www.jedox.com\/de\/wp-json\/wp\/v2\/pages\/79955\/revisions\/173294"}],"up":[{"embeddable":true,"href":"https:\/\/www.jedox.com\/de\/wp-json\/wp\/v2\/pages\/79862"}],"wp:attachment":[{"href":"https:\/\/www.jedox.com\/de\/wp-json\/wp\/v2\/media?parent=79955"}],"curies":[{"name":"wp","href":"https:\/\/api.w.org\/{rel}","templated":true}]}}