{"id":79807,"date":"2021-04-21T17:39:52","date_gmt":"2021-04-21T15:39:52","guid":{"rendered":"https:\/\/www.jedox.com\/industry\/"},"modified":"2026-03-25T08:54:24","modified_gmt":"2026-03-25T07:54:24","slug":"branche","status":"publish","type":"page","link":"https:\/\/www.jedox.com\/de\/branche\/","title":{"rendered":"Branchen"},"content":{"rendered":"<p><div class=\"fusion-fullwidth fullwidth-box fusion-builder-row-1 fusion-flex-container has-pattern-background has-mask-background nonhundred-percent-fullwidth non-hundred-percent-height-scrolling jdx-clean-header\" style=\"--awb-border-radius-top-left:0px;--awb-border-radius-top-right:0px;--awb-border-radius-bottom-right:0px;--awb-border-radius-bottom-left:0px;--awb-padding-top:5%;--awb-padding-bottom:2.5%;--awb-padding-top-medium:7.5%;--awb-padding-bottom-medium:7.5%;--awb-flex-wrap:wrap;\" ><div class=\"fusion-builder-row fusion-row fusion-flex-align-items-stretch fusion-flex-content-wrap\" style=\"max-width:1512px;margin-left: calc(-5% \/ 2 );margin-right: calc(-5% \/ 2 );\"><div class=\"fusion-layout-column fusion_builder_column fusion-builder-column-0 fusion_builder_column_5_6 5_6 fusion-flex-column\" style=\"--awb-bg-size:cover;--awb-width-large:83.3333333333%;--awb-margin-top-large:0px;--awb-spacing-right-large:2.85%;--awb-margin-bottom-large:0px;--awb-spacing-left-large:2.85%;--awb-width-medium:100%;--awb-order-medium:0;--awb-spacing-right-medium:2.375%;--awb-spacing-left-medium:2.375%;--awb-width-small:100%;--awb-order-small:0;--awb-spacing-right-small:2.375%;--awb-spacing-left-small:2.375%;\" data-scroll-devices=\"small-visibility,medium-visibility,large-visibility\"><div class=\"fusion-column-wrapper fusion-column-has-shadow fusion-flex-justify-content-flex-start fusion-content-layout-column\"><div class=\"fusion-title title fusion-title-1 fusion-sep-none fusion-title-text fusion-title-size-one\" style=\"--awb-margin-top:0px;--awb-margin-right:0px;--awb-margin-left:0px;--awb-margin-top-small:0px;--awb-margin-right-small:0px;--awb-margin-bottom-small:0.5em;--awb-margin-left-small:0px;--awb-font-size:var(--awb-custom_typography_2-font-size);\"><h1 class=\"fusion-title-heading title-heading-left fusion-responsive-typography-calculated\" style=\"font-family:var(--awb-custom_typography_2-font-family);font-weight:var(--awb-custom_typography_2-font-weight);font-style:var(--awb-custom_typography_2-font-style);margin:0;letter-spacing:var(--awb-custom_typography_2-letter-spacing);text-transform:var(--awb-custom_typography_2-text-transform);font-size:1em;--fontSize:18;--minFontSize:18;line-height:var(--awb-custom_typography_2-line-height);\">Branchenspezifische Planungsl\u00f6sungen<\/h1><\/div><div class=\"fusion-title title fusion-title-2 fusion-sep-none fusion-title-text fusion-title-size-two hero-headline\" style=\"--awb-margin-top:0px;--awb-margin-right:0px;--awb-margin-left:0px;--awb-margin-top-small:0px;--awb-margin-right-small:0px;--awb-margin-bottom-small:0.5em;--awb-margin-left-small:0px;--awb-font-size:var(--awb-typography1-font-size);\"><h2 class=\"fusion-title-heading title-heading-left fusion-responsive-typography-calculated\" style=\"font-family:var(--awb-typography1-font-family);font-weight:var(--awb-typography1-font-weight);font-style:var(--awb-typography1-font-style);margin:0;letter-spacing:var(--awb-typography1-letter-spacing);text-transform:var(--awb-typography1-text-transform);font-size:1em;--fontSize:80;line-height:var(--awb-typography1-line-height);\">Planung, Forecasting und Reporting unternehmensweit vereinheitlichen<\/h2><\/div><div class=\"fusion-title title fusion-title-3 fusion-sep-none fusion-title-text fusion-title-size-two\" style=\"--awb-margin-top:0px;--awb-margin-right:0px;--awb-margin-left:0px;--awb-margin-top-small:0px;--awb-margin-right-small:0px;--awb-margin-bottom-small:0.5em;--awb-margin-left-small:0px;--awb-font-size:var(--awb-custom_typography_3-font-size);\"><h2 class=\"fusion-title-heading title-heading-left fusion-responsive-typography-calculated\" style=\"font-family:var(--awb-custom_typography_3-font-family);font-weight:var(--awb-custom_typography_3-font-weight);font-style:var(--awb-custom_typography_3-font-style);margin:0;letter-spacing:var(--awb-custom_typography_3-letter-spacing);text-transform:var(--awb-custom_typography_3-text-transform);font-size:1em;--fontSize:30;line-height:var(--awb-custom_typography_3-line-height);\">Lokale Expertise ganz einfach \u00fcber unser Partnernetzwerk erhalten<\/h2><\/div><\/div><\/div><\/div><\/div><div class=\"fusion-fullwidth fullwidth-box fusion-builder-row-2 fusion-flex-container has-pattern-background has-mask-background nonhundred-percent-fullwidth non-hundred-percent-height-scrolling jdx-related jdx-sub-teaser jdx-sub-teaser-text \" style=\"--awb-border-radius-top-left:0px;--awb-border-radius-top-right:0px;--awb-border-radius-bottom-right:0px;--awb-border-radius-bottom-left:0px;--awb-padding-top:2.5%;--awb-flex-wrap:wrap;\" ><div class=\"fusion-builder-row fusion-row fusion-flex-align-items-flex-start fusion-flex-content-wrap\" style=\"max-width:1476px;margin-left: calc(-2.5% \/ 2 );margin-right: calc(-2.5% \/ 2 );\"><div class=\"fusion-layout-column fusion_builder_column fusion-builder-column-1 fusion_builder_column_1_2 1_2 fusion-flex-column fusion-flex-align-self-stretch fusion-column-inner-bg-wrapper fusion-column-liftup-border\" style=\"--awb-padding-top:5%;--awb-padding-right:5%;--awb-padding-bottom:5%;--awb-padding-left:5%;--awb-padding-top-small:7.5%;--awb-padding-right-small:7.5%;--awb-padding-bottom-small:7.5%;--awb-padding-left-small:7.5%;--awb-overflow:hidden;--awb-inner-bg-size:cover;--awb-border-color:rgba(32,53,95,0.25);--awb-inner-border-color:rgba(32,53,95,0.25);--awb-border-top:1px;--awb-inner-border-top:1px;--awb-border-right:1px;--awb-inner-border-right:1px;--awb-border-bottom:1px;--awb-inner-border-bottom:1px;--awb-border-left:1px;--awb-inner-border-left:1px;--awb-border-style:solid;--awb-inner-border-style:solid;--awb-border-radius:15px 15px 15px 15px;--awb-liftup-border-radius:15px 15px 15px 15px;--awb-width-large:50%;--awb-margin-top-large:0px;--awb-spacing-right-large:2.4375%;--awb-margin-bottom-large:2.5%;--awb-spacing-left-large:2.4375%;--awb-width-medium:100%;--awb-order-medium:0;--awb-spacing-right-medium:1.21875%;--awb-spacing-left-medium:1.21875%;--awb-width-small:100%;--awb-order-small:0;--awb-spacing-right-small:1.21875%;--awb-spacing-left-small:1.21875%;\" data-scroll-devices=\"small-visibility,medium-visibility,large-visibility\"><span class=\"fusion-column-inner-bg hover-type-liftup\"><a class=\"fusion-column-anchor\" href=\"https:\/\/www.jedox.com\/de\/branche\/life-sciences\/\"><span class=\"fusion-column-inner-bg-image\"><\/span><\/a><\/span><div class=\"fusion-column-wrapper fusion-flex-justify-content-flex-start fusion-content-layout-column\"><div class=\"fusion-image-element \" style=\"--awb-margin-bottom:2.5%;--awb-max-width:100px;--awb-caption-title-font-family:var(--h2_typography-font-family);--awb-caption-title-font-weight:var(--h2_typography-font-weight);--awb-caption-title-font-style:var(--h2_typography-font-style);--awb-caption-title-size:var(--h2_typography-font-size);--awb-caption-title-transform:var(--h2_typography-text-transform);--awb-caption-title-line-height:var(--h2_typography-line-height);--awb-caption-title-letter-spacing:var(--h2_typography-letter-spacing);\"><span class=\" fusion-imageframe imageframe-none imageframe-1 hover-type-none\"><img decoding=\"async\" width=\"200\" height=\"200\" title=\"life-sciences-pageicon-jdx-blue\" src=\"data:image\/svg+xml,%3Csvg%20xmlns%3D%27http%3A%2F%2Fwww.w3.org%2F2000%2Fsvg%27%20width%3D%27200%27%20height%3D%27200%27%20viewBox%3D%270%200%20200%20200%27%3E%3Crect%20width%3D%27200%27%20height%3D%27200%27%20fill-opacity%3D%220%22%2F%3E%3C%2Fsvg%3E\" data-orig-src=\"https:\/\/www.jedox.com\/wp-content\/uploads\/2021\/06\/life-sciences-pageicon-jdx-blue.png\" class=\"lazyload img-responsive wp-image-83871\" alt=\"\"><\/span><\/div><div class=\"fusion-title title fusion-title-4 fusion-sep-none fusion-title-text fusion-title-size-four\" style=\"--awb-margin-top:0px;--awb-margin-right:0px;--awb-margin-bottom:20px;--awb-margin-left:0px;--awb-margin-top-small:0px;--awb-margin-right-small:0px;--awb-margin-bottom-small:10px;--awb-margin-left-small:0px;\"><h4 class=\"fusion-title-heading title-heading-left fusion-responsive-typography-calculated\" style=\"margin:0;text-transform:none;--fontSize:30;line-height:1.15;\">Pharma und Life Sciences<\/h4><\/div><div class=\"fusion-text fusion-text-1\"><p>Vernetzen Sie Finanz-, Vertriebs- und Nachfrageplanung in einer integrierten Plattform. \u00dcberwinden Sie Datensilos und meistern Sie komplexe Planungsanforderungen mit pr\u00e4zisen Forecasts und fundierten Echtzeit-Analysen.<\/p>\n<\/div><i class=\"fb-icon-element-1 fb-icon-element fontawesome-icon fa-long-arrow-alt-right fas circle-no\" style=\"--awb-iconcolor:#ED1979;--awb-iconcolor-hover:#ED1979;--awb-font-size:20px;--awb-align-self:flex-end;--awb-margin-top:0px;--awb-margin-right:0px;--awb-margin-bottom:0px;--awb-margin-left:0px;\"><\/i><\/div><\/div><div class=\"fusion-layout-column fusion_builder_column fusion-builder-column-2 fusion_builder_column_1_2 1_2 fusion-flex-column fusion-flex-align-self-stretch fusion-column-inner-bg-wrapper fusion-column-liftup-border\" style=\"--awb-padding-top:5%;--awb-padding-right:5%;--awb-padding-bottom:5%;--awb-padding-left:5%;--awb-padding-top-small:7.5%;--awb-padding-right-small:7.5%;--awb-padding-bottom-small:7.5%;--awb-padding-left-small:7.5%;--awb-overflow:hidden;--awb-inner-bg-size:cover;--awb-border-color:rgba(32,53,95,0.25);--awb-inner-border-color:rgba(32,53,95,0.25);--awb-border-top:1px;--awb-inner-border-top:1px;--awb-border-right:1px;--awb-inner-border-right:1px;--awb-border-bottom:1px;--awb-inner-border-bottom:1px;--awb-border-left:1px;--awb-inner-border-left:1px;--awb-border-style:solid;--awb-inner-border-style:solid;--awb-border-radius:15px 15px 15px 15px;--awb-liftup-border-radius:15px 15px 15px 15px;--awb-width-large:50%;--awb-margin-top-large:0px;--awb-spacing-right-large:2.4375%;--awb-margin-bottom-large:2.5%;--awb-spacing-left-large:2.4375%;--awb-width-medium:100%;--awb-order-medium:0;--awb-spacing-right-medium:1.21875%;--awb-spacing-left-medium:1.21875%;--awb-width-small:100%;--awb-order-small:0;--awb-spacing-right-small:1.21875%;--awb-spacing-left-small:1.21875%;\" data-scroll-devices=\"small-visibility,medium-visibility,large-visibility\"><span class=\"fusion-column-inner-bg hover-type-liftup\"><a class=\"fusion-column-anchor\" href=\"https:\/\/www.jedox.com\/de\/branche\/fertigungswirtschaft\/\"><span class=\"fusion-column-inner-bg-image\"><\/span><\/a><\/span><div class=\"fusion-column-wrapper fusion-flex-justify-content-flex-start fusion-content-layout-column\"><div class=\"fusion-image-element \" style=\"--awb-margin-bottom:2.5%;--awb-max-width:100px;--awb-caption-title-font-family:var(--h2_typography-font-family);--awb-caption-title-font-weight:var(--h2_typography-font-weight);--awb-caption-title-font-style:var(--h2_typography-font-style);--awb-caption-title-size:var(--h2_typography-font-size);--awb-caption-title-transform:var(--h2_typography-text-transform);--awb-caption-title-line-height:var(--h2_typography-line-height);--awb-caption-title-letter-spacing:var(--h2_typography-letter-spacing);\"><span class=\" fusion-imageframe imageframe-none imageframe-2 hover-type-none\"><img decoding=\"async\" width=\"200\" height=\"200\" title=\"manufacturing-pageicon-jdx-blue\" src=\"data:image\/svg+xml,%3Csvg%20xmlns%3D%27http%3A%2F%2Fwww.w3.org%2F2000%2Fsvg%27%20width%3D%27200%27%20height%3D%27200%27%20viewBox%3D%270%200%20200%20200%27%3E%3Crect%20width%3D%27200%27%20height%3D%27200%27%20fill-opacity%3D%220%22%2F%3E%3C%2Fsvg%3E\" data-orig-src=\"https:\/\/www.jedox.com\/wp-content\/uploads\/2021\/06\/manufacturing-pageicon-jdx-blue.png\" class=\"lazyload img-responsive wp-image-83865\" alt=\"\"><\/span><\/div><div class=\"fusion-title title fusion-title-5 fusion-sep-none fusion-title-text fusion-title-size-four\" style=\"--awb-margin-top:0px;--awb-margin-right:0px;--awb-margin-bottom:20px;--awb-margin-left:0px;--awb-margin-top-small:0px;--awb-margin-right-small:0px;--awb-margin-bottom-small:10px;--awb-margin-left-small:0px;\"><h4 class=\"fusion-title-heading title-heading-left fusion-responsive-typography-calculated\" style=\"margin:0;text-transform:none;--fontSize:30;line-height:1.15;\">Fertigungsbranche<\/h4><\/div><div class=\"fusion-text fusion-text-2\"><p>Sichern Sie Margen und Liquidit\u00e4t mit kontinuierlicher, szenariobasierter Planung. Verbinden Sie Finance, Operations und Supply Chain auf einer zentralen Planungsplattform und bewerten Sie finanzielle Auswirkungen vor jeder Entscheidung.<\/p>\n<\/div><i class=\"fb-icon-element-2 fb-icon-element fontawesome-icon fa-long-arrow-alt-right fas circle-no\" style=\"--awb-iconcolor:#ED1979;--awb-iconcolor-hover:#ED1979;--awb-font-size:20px;--awb-align-self:flex-end;--awb-margin-top:0px;--awb-margin-right:0px;--awb-margin-bottom:0px;--awb-margin-left:0px;\"><\/i><\/div><\/div><div class=\"fusion-layout-column fusion_builder_column fusion-builder-column-3 fusion_builder_column_1_2 1_2 fusion-flex-column fusion-flex-align-self-stretch fusion-column-inner-bg-wrapper fusion-column-liftup-border\" style=\"--awb-padding-top:5%;--awb-padding-right:5%;--awb-padding-bottom:5%;--awb-padding-left:5%;--awb-padding-top-small:7.5%;--awb-padding-right-small:7.5%;--awb-padding-bottom-small:7.5%;--awb-padding-left-small:7.5%;--awb-overflow:hidden;--awb-inner-bg-size:cover;--awb-border-color:rgba(32,53,95,0.25);--awb-inner-border-color:rgba(32,53,95,0.25);--awb-border-top:1px;--awb-inner-border-top:1px;--awb-border-right:1px;--awb-inner-border-right:1px;--awb-border-bottom:1px;--awb-inner-border-bottom:1px;--awb-border-left:1px;--awb-inner-border-left:1px;--awb-border-style:solid;--awb-inner-border-style:solid;--awb-border-radius:15px 15px 15px 15px;--awb-liftup-border-radius:15px 15px 15px 15px;--awb-width-large:50%;--awb-margin-top-large:0px;--awb-spacing-right-large:2.4375%;--awb-margin-bottom-large:2.5%;--awb-spacing-left-large:2.4375%;--awb-width-medium:100%;--awb-order-medium:0;--awb-spacing-right-medium:1.21875%;--awb-spacing-left-medium:1.21875%;--awb-width-small:100%;--awb-order-small:0;--awb-spacing-right-small:1.21875%;--awb-spacing-left-small:1.21875%;\" data-scroll-devices=\"small-visibility,medium-visibility,large-visibility\"><span class=\"fusion-column-inner-bg hover-type-liftup\"><a class=\"fusion-column-anchor\" href=\"https:\/\/www.jedox.com\/de\/branche\/einzelhandel\/\"><span class=\"fusion-column-inner-bg-image\"><\/span><\/a><\/span><div class=\"fusion-column-wrapper fusion-flex-justify-content-flex-start fusion-content-layout-column\"><div class=\"fusion-image-element \" style=\"--awb-margin-bottom:2.5%;--awb-max-width:100px;--awb-caption-title-font-family:var(--h2_typography-font-family);--awb-caption-title-font-weight:var(--h2_typography-font-weight);--awb-caption-title-font-style:var(--h2_typography-font-style);--awb-caption-title-size:var(--h2_typography-font-size);--awb-caption-title-transform:var(--h2_typography-text-transform);--awb-caption-title-line-height:var(--h2_typography-line-height);--awb-caption-title-letter-spacing:var(--h2_typography-letter-spacing);\"><span class=\" fusion-imageframe imageframe-none imageframe-3 hover-type-none\"><img decoding=\"async\" width=\"200\" height=\"200\" title=\"retail-pageicon-jdx-blue\" src=\"data:image\/svg+xml,%3Csvg%20xmlns%3D%27http%3A%2F%2Fwww.w3.org%2F2000%2Fsvg%27%20width%3D%27200%27%20height%3D%27200%27%20viewBox%3D%270%200%20200%20200%27%3E%3Crect%20width%3D%27200%27%20height%3D%27200%27%20fill-opacity%3D%220%22%2F%3E%3C%2Fsvg%3E\" data-orig-src=\"https:\/\/www.jedox.com\/wp-content\/uploads\/2021\/06\/retail-pageicon-jdx-blue.png\" class=\"lazyload img-responsive wp-image-83868\" alt=\"\"><\/span><\/div><div class=\"fusion-title title fusion-title-6 fusion-sep-none fusion-title-text fusion-title-size-four\" style=\"--awb-margin-top:0px;--awb-margin-right:0px;--awb-margin-bottom:20px;--awb-margin-left:0px;--awb-margin-top-small:0px;--awb-margin-right-small:0px;--awb-margin-bottom-small:10px;--awb-margin-left-small:0px;\"><h4 class=\"fusion-title-heading title-heading-left fusion-responsive-typography-calculated\" style=\"margin:0;text-transform:none;--fontSize:30;line-height:1.15;\">Einzelhandel und E-Commerce<\/h4><\/div><div class=\"fusion-text fusion-text-3\"><p>Integrieren Sie Vertriebs- und Finanzplanung \u00fcber alle Kan\u00e4le und Artikel hinweg. Reagieren Sie schneller auf Marktver\u00e4nderungen und steuern Sie Ihre Performance proaktiv mit Echtzeit-Analysen und Forecasts.<\/p>\n<\/div><i class=\"fb-icon-element-3 fb-icon-element fontawesome-icon fa-long-arrow-alt-right fas circle-no\" style=\"--awb-iconcolor:#ED1979;--awb-iconcolor-hover:#ED1979;--awb-font-size:20px;--awb-align-self:flex-end;--awb-margin-top:0px;--awb-margin-right:0px;--awb-margin-bottom:0px;--awb-margin-left:0px;\"><\/i><\/div><\/div><div class=\"fusion-layout-column fusion_builder_column fusion-builder-column-4 fusion_builder_column_1_2 1_2 fusion-flex-column fusion-flex-align-self-stretch fusion-column-inner-bg-wrapper fusion-column-liftup-border\" style=\"--awb-padding-top:5%;--awb-padding-right:5%;--awb-padding-bottom:5%;--awb-padding-left:5%;--awb-padding-top-small:7.5%;--awb-padding-right-small:7.5%;--awb-padding-bottom-small:7.5%;--awb-padding-left-small:7.5%;--awb-overflow:hidden;--awb-inner-bg-size:cover;--awb-border-color:rgba(32,53,95,0.25);--awb-inner-border-color:rgba(32,53,95,0.25);--awb-border-top:1px;--awb-inner-border-top:1px;--awb-border-right:1px;--awb-inner-border-right:1px;--awb-border-bottom:1px;--awb-inner-border-bottom:1px;--awb-border-left:1px;--awb-inner-border-left:1px;--awb-border-style:solid;--awb-inner-border-style:solid;--awb-border-radius:15px 15px 15px 15px;--awb-liftup-border-radius:15px 15px 15px 15px;--awb-width-large:50%;--awb-margin-top-large:0px;--awb-spacing-right-large:2.4375%;--awb-margin-bottom-large:2.5%;--awb-spacing-left-large:2.4375%;--awb-width-medium:100%;--awb-order-medium:0;--awb-spacing-right-medium:1.21875%;--awb-spacing-left-medium:1.21875%;--awb-width-small:100%;--awb-order-small:0;--awb-spacing-right-small:1.21875%;--awb-spacing-left-small:1.21875%;\" data-scroll-devices=\"small-visibility,medium-visibility,large-visibility\"><span class=\"fusion-column-inner-bg hover-type-liftup\"><a class=\"fusion-column-anchor\" href=\"https:\/\/www.jedox.com\/de\/branche\/energiewirtschaft\/\"><span class=\"fusion-column-inner-bg-image\"><\/span><\/a><\/span><div class=\"fusion-column-wrapper fusion-flex-justify-content-flex-start fusion-content-layout-column\"><div class=\"fusion-image-element \" style=\"--awb-margin-bottom:2.5%;--awb-max-width:100px;--awb-caption-title-font-family:var(--h2_typography-font-family);--awb-caption-title-font-weight:var(--h2_typography-font-weight);--awb-caption-title-font-style:var(--h2_typography-font-style);--awb-caption-title-size:var(--h2_typography-font-size);--awb-caption-title-transform:var(--h2_typography-text-transform);--awb-caption-title-line-height:var(--h2_typography-line-height);--awb-caption-title-letter-spacing:var(--h2_typography-letter-spacing);\"><span class=\" fusion-imageframe imageframe-none imageframe-4 hover-type-none\"><img decoding=\"async\" width=\"200\" height=\"200\" title=\"energy-icon-jdx-blue\" src=\"data:image\/svg+xml,%3Csvg%20xmlns%3D%27http%3A%2F%2Fwww.w3.org%2F2000%2Fsvg%27%20width%3D%27200%27%20height%3D%27200%27%20viewBox%3D%270%200%20200%20200%27%3E%3Crect%20width%3D%27200%27%20height%3D%27200%27%20fill-opacity%3D%220%22%2F%3E%3C%2Fsvg%3E\" data-orig-src=\"https:\/\/www.jedox.com\/wp-content\/uploads\/2021\/11\/energy-icon-jdx-blue.png\" class=\"lazyload img-responsive wp-image-93478\" alt=\"\"><\/span><\/div><div class=\"fusion-title title fusion-title-7 fusion-sep-none fusion-title-text fusion-title-size-four\" style=\"--awb-margin-top:0px;--awb-margin-right:0px;--awb-margin-bottom:20px;--awb-margin-left:0px;--awb-margin-top-small:0px;--awb-margin-right-small:0px;--awb-margin-bottom-small:10px;--awb-margin-left-small:0px;\"><h4 class=\"fusion-title-heading title-heading-left fusion-responsive-typography-calculated\" style=\"margin:0;text-transform:none;--fontSize:30;line-height:1.15;\">Energiewirtschaft<\/h4><\/div><div class=\"fusion-text fusion-text-4\"><p>Begegnen Sie Preisvolatilit\u00e4t und regulatorischen Anforderungen mit integrierter Finanzplanung und Reporting. Nutzen Sie szenariobasierte Forecasts f\u00fcr mehr Transparenz, Profitabilit\u00e4t und Planungssicherheit.<\/p>\n<\/div><i class=\"fb-icon-element-4 fb-icon-element fontawesome-icon fa-long-arrow-alt-right fas circle-no\" style=\"--awb-iconcolor:#ED1979;--awb-iconcolor-hover:#ED1979;--awb-font-size:20px;--awb-align-self:flex-end;--awb-margin-top:0px;--awb-margin-right:0px;--awb-margin-bottom:0px;--awb-margin-left:0px;\"><\/i><\/div><\/div><\/div><\/div><\/p>\n","protected":false},"excerpt":{"rendered":"","protected":false},"author":3,"featured_media":0,"parent":0,"menu_order":0,"comment_status":"closed","ping_status":"closed","template":"100-width.php","meta":{"_acf_changed":false,"footnotes":""},"class_list":["post-79807","page","type-page","status-publish","hentry"],"acf":[],"_links":{"self":[{"href":"https:\/\/www.jedox.com\/de\/wp-json\/wp\/v2\/pages\/79807","targetHints":{"allow":["GET"]}}],"collection":[{"href":"https:\/\/www.jedox.com\/de\/wp-json\/wp\/v2\/pages"}],"about":[{"href":"https:\/\/www.jedox.com\/de\/wp-json\/wp\/v2\/types\/page"}],"author":[{"embeddable":true,"href":"https:\/\/www.jedox.com\/de\/wp-json\/wp\/v2\/users\/3"}],"replies":[{"embeddable":true,"href":"https:\/\/www.jedox.com\/de\/wp-json\/wp\/v2\/comments?post=79807"}],"version-history":[{"count":2,"href":"https:\/\/www.jedox.com\/de\/wp-json\/wp\/v2\/pages\/79807\/revisions"}],"predecessor-version":[{"id":172573,"href":"https:\/\/www.jedox.com\/de\/wp-json\/wp\/v2\/pages\/79807\/revisions\/172573"}],"wp:attachment":[{"href":"https:\/\/www.jedox.com\/de\/wp-json\/wp\/v2\/media?parent=79807"}],"curies":[{"name":"wp","href":"https:\/\/api.w.org\/{rel}","templated":true}]}}